{"id":10481,"date":"2018-09-17T16:37:21","date_gmt":"2018-09-17T13:37:21","guid":{"rendered":"http:\/\/viikingitekyla-ee.vserver.zonevs.eu\/our-map\/"},"modified":"2025-01-21T21:14:11","modified_gmt":"2025-01-21T18:14:11","slug":"our-map","status":"publish","type":"page","link":"https:\/\/viikingitekyla.ee\/en\/our-map\/","title":{"rendered":"Our Map"},"content":{"rendered":"<div class=\"fusion-fullwidth fullwidth-box fusion-builder-row-1 nonhundred-percent-fullwidth non-hundred-percent-height-scrolling\" style=\"--awb-border-radius-top-left:0px;--awb-border-radius-top-right:0px;--awb-border-radius-bottom-right:0px;--awb-border-radius-bottom-left:0px;--awb-flex-wrap:wrap;\" ><div class=\"fusion-builder-row fusion-row\"><div class=\"fusion-layout-column fusion_builder_column fusion-builder-column-0 fusion_builder_column_1_1 1_1 fusion-one-full fusion-column-first fusion-column-last\" style=\"--awb-bg-size:cover;--awb-margin-bottom:0px;\"><div class=\"fusion-column-wrapper fusion-flex-column-wrapper-legacy\"><div class=\"fusion-text fusion-text-1\"><mapplic-map id=\"mapplic-4327\" data-json=\"{&quot;minimap&quot;:false,&quot;clearbutton&quot;:true,&quot;zoombuttons&quot;:true,&quot;sidebar&quot;:true,&quot;search&quot;:false,&quot;hovertip&quot;:true,&quot;mousewheel&quot;:true,&quot;fullscreen&quot;:true,&quot;deeplinking&quot;:false,&quot;mapfill&quot;:false,&quot;zoom&quot;:true,&quot;alphabetic&quot;:false,&quot;zoomlimit&quot;:&quot;2&quot;,&quot;action&quot;:&quot;tooltip&quot;,&quot;categories&quot;:[],&quot;maxscale&quot;:2,&quot;zoomoutclose&quot;:true,&quot;fillcolor&quot;:&quot;&quot;,&quot;topLat&quot;:&quot;&quot;,&quot;leftLng&quot;:&quot;&quot;,&quot;bottomLat&quot;:&quot;&quot;,&quot;rightLng&quot;:&quot;&quot;,&quot;layers&quot;:[{&quot;id&quot;:&quot;my-map&quot;,&quot;minimap&quot;:&quot;&quot;,&quot;show&quot;:&quot;true&quot;,&quot;file&quot;:&quot;https:\/\/viikingitekyla.ee\/wp-content\/uploads\/2017\/05\/vikingi_uus_kaart-vaiksem.jpg&quot;,&quot;name&quot;:&quot;Viikignite k&uuml;la &quot;}],&quot;settings&quot;:{&quot;mapWidth&quot;:1999,&quot;mapHeight&quot;:1055,&quot;resetButton&quot;:&quot;bottom-right&quot;,&quot;zoomButtons&quot;:&quot;bottom-right&quot;,&quot;layerSwitcher&quot;:&quot;&quot;,&quot;zoom&quot;:true,&quot;maxZoom&quot;:1,&quot;hoverTooltip&quot;:true,&quot;layer&quot;:&quot;my-map&quot;,&quot;geo&quot;:false,&quot;legendHorizontal&quot;:false,&quot;closeReset&quot;:true,&quot;primaryColor&quot;:&quot;#f0c764&quot;,&quot;css&quot;:&quot;.mapplic-container {\\r\\n    background-color: #00000000;}\\r\\n    \\r\\n.mapplic-popup-title h4 {\\r\\n    color: #660000;\\r\\n    font-family: &#039;Avquest&#039;;\\r\\n}&quot;,&quot;filters&quot;:true,&quot;filtersAlwaysVisible&quot;:true,&quot;filtersOpened&quot;:true,&quot;hoverAbout&quot;:true,&quot;accessibility&quot;:false,&quot;legendToggle&quot;:false},&quot;breakpoints&quot;:[{&quot;container&quot;:600,&quot;below&quot;:9000,&quot;name&quot;:&quot;all-screens&quot;,&quot;portrait&quot;:false},{&quot;portrait&quot;:true,&quot;name&quot;:&quot;mobile&quot;,&quot;below&quot;:480}],&quot;locations&quot;:[{&quot;layer&quot;:&quot;my-map&quot;,&quot;id&quot;:&quot;taverna peamaja&quot;,&quot;title&quot;:&quot;1. Taverna peamaja&quot;,&quot;pin&quot;:&quot;pin&quot;,&quot;category&quot;:&quot;false&quot;,&quot;action&quot;:&quot;default&quot;,&quot;link&quot;:&quot;https:\/\/viikingitekyla.ee\/peamaja-40le\/&quot;,&quot;desc&quot;:&quot;Magamistoad asuvad maja teisel korrusel ja &uuml;htekokku mahutame &ouml;&ouml;bima kuni 50 inimest. Ideaalne &ouml;&ouml;bimispaik suuremale seltskonnale, pakkudes piisavalt magamiskohti Du&scaron;&scaron;iruum ja tualett &uuml;hine&quot;,&quot;coord&quot;:[0.3967,0.3986],&quot;label&quot;:&quot;1&quot;,&quot;color&quot;:&quot;#f0c764&quot;,&quot;disable&quot;:false,&quot;more&quot;:&quot;Vaata veel&quot;},{&quot;layer&quot;:&quot;my-map&quot;,&quot;id&quot;:&quot;M&auml;epealne katusealune&quot;,&quot;title&quot;:&quot;2. M&auml;epealne katusealune&quot;,&quot;pin&quot;:&quot;my-new-pin&quot;,&quot;category&quot;:&quot;false&quot;,&quot;action&quot;:&quot;default&quot;,&quot;link&quot;:&quot;https:\/\/viikingitekyla.ee\/maepealne-katusealune\/&quot;,&quot;desc&quot;:&quot;M&auml;epealne katusealune on m&otilde;nusa vaatega kohake, kust on hea vaade meie suurele tiigile ja &uuml;lej&auml;&auml;nud k&uuml;lale. Katuse alla mahub umbes 25 inimest. &quot;,&quot;coord&quot;:[0.4877,0.512],&quot;label&quot;:&quot;2&quot;,&quot;more&quot;:&quot;Vaata veel&quot;},{&quot;layer&quot;:&quot;my-map&quot;,&quot;id&quot;:&quot;Kalap&uuml;&uuml;gitiik&quot;,&quot;title&quot;:&quot;3. Kalap&uuml;&uuml;gitiik&quot;,&quot;pin&quot;:&quot;my-new-pin&quot;,&quot;category&quot;:&quot;false&quot;,&quot;action&quot;:&quot;default&quot;,&quot;coord&quot;:[0.4161,0.57],&quot;label&quot;:&quot;3&quot;,&quot;more&quot;:&quot;Vaata veel&quot;},{&quot;layer&quot;:&quot;my-map&quot;,&quot;id&quot;:&quot;Koduloomad&quot;,&quot;title&quot;:&quot;4. Koduloomad&quot;,&quot;pin&quot;:&quot;my-new-pin&quot;,&quot;category&quot;:&quot;false&quot;,&quot;action&quot;:&quot;default&quot;,&quot;coord&quot;:[0.3396,0.3836],&quot;label&quot;:&quot;4&quot;,&quot;more&quot;:&quot;Vaata veel&quot;},{&quot;layer&quot;:&quot;my-map&quot;,&quot;id&quot;:&quot;Kalevipoja maja&quot;,&quot;title&quot;:&quot;5. Kalevipoja maja &quot;,&quot;pin&quot;:&quot;my-new-pin&quot;,&quot;category&quot;:&quot;false&quot;,&quot;action&quot;:&quot;default&quot;,&quot;link&quot;:&quot;https:\/\/viikingitekyla.ee\/kalevipoja-maja-13le\/&quot;,&quot;desc&quot;:&quot;Kalevipoja maja asub Taverna peamajast umbes 100m kaugusel metsa sees. Maja ees on laud koos pinkidega. Kalevipoja majas on kolm eraldi sissep&auml;&auml;suga tuba. K&otilde;ikides tubades on WC ja duss.&quot;,&quot;coord&quot;:[0.5818,0.3138],&quot;label&quot;:&quot;5&quot;,&quot;more&quot;:&quot;Vaata veel&quot;},{&quot;layer&quot;:&quot;my-map&quot;,&quot;id&quot;:&quot;Kuningate maja&quot;,&quot;title&quot;:&quot;6. Kuningate maja&quot;,&quot;pin&quot;:&quot;my-new-pin&quot;,&quot;category&quot;:&quot;false&quot;,&quot;action&quot;:&quot;default&quot;,&quot;link&quot;:&quot;https:\/\/viikingitekyla.ee\/kunaingate-maja\/&quot;,&quot;desc&quot;:&quot;&lt;p&gt;See maja sobib n&otilde;udlikumatele klientidele. Eriti soovitame seda pruutpaaridele, v&auml;iksemale s&otilde;pruskonnale ja v&auml;lisk&uuml;lalistele.&lt;\/p&gt;&quot;,&quot;coord&quot;:[0.5728,0.2312],&quot;label&quot;:&quot;6&quot;,&quot;more&quot;:&quot;Vaata veel&quot;},{&quot;layer&quot;:&quot;my-map&quot;,&quot;id&quot;:&quot;Kadakasauna maja &quot;,&quot;title&quot;:&quot;7. Kadakasauna maja &quot;,&quot;pin&quot;:&quot;my-new-pin&quot;,&quot;category&quot;:&quot;false&quot;,&quot;action&quot;:&quot;default&quot;,&quot;link&quot;:&quot;https:\/\/viikingitekyla.ee\/kadakasauna-maja-2\/&quot;,&quot;desc&quot;:&quot;Kadakasauna maja asub peamajast eemal (ca100 m) metsa sees, kus eraldi seltskond saab rahulikult loodust ja olemist nautida. Kadakasauna majas on eesruum mis mahutab 14 inimest, ning teisel korrusel on magamiskohad 10-le inimesele. &quot;,&quot;coord&quot;:[0.5273,0.2952],&quot;label&quot;:&quot;7&quot;,&quot;more&quot;:&quot;Vaata veel&quot;},{&quot;layer&quot;:&quot;my-map&quot;,&quot;id&quot;:&quot;Koobassaun&quot;,&quot;title&quot;:&quot;8. Koobassaun&quot;,&quot;pin&quot;:&quot;my-new-pin&quot;,&quot;category&quot;:&quot;false&quot;,&quot;action&quot;:&quot;default&quot;,&quot;link&quot;:&quot;https:\/\/viikingitekyla.ee\/koobassauna-maja-10le-2\/&quot;,&quot;desc&quot;:&quot;Koopasaun asub peamajast umbes 100 m kaugusel v&auml;ikese oja &auml;&auml;res Koobassauna eesruumi saab kasutada seminarideks ja koosistumisteks ka ilma saunata.\\nPuuk&uuml;ttega leiliruumi mahub korraga istuma 10 inimest. &quot;,&quot;coord&quot;:[0.5303,0.6759],&quot;label&quot;:&quot;8&quot;,&quot;more&quot;:&quot;Vaata veel&quot;},{&quot;layer&quot;:&quot;my-map&quot;,&quot;id&quot;:&quot;Pealike maja &quot;,&quot;title&quot;:&quot;9. Pealike maja &quot;,&quot;pin&quot;:&quot;my-new-pin&quot;,&quot;category&quot;:&quot;false&quot;,&quot;action&quot;:&quot;default&quot;,&quot;coord&quot;:[0.6006,0.5524],&quot;label&quot;:&quot;9&quot;,&quot;more&quot;:&quot;Vaata veel&quot;},{&quot;layer&quot;:&quot;my-map&quot;,&quot;id&quot;:&quot;Metsavana maja &quot;,&quot;title&quot;:&quot;10. Metsavana maja &quot;,&quot;pin&quot;:&quot;my-new-pin&quot;,&quot;category&quot;:&quot;false&quot;,&quot;action&quot;:&quot;default&quot;,&quot;coord&quot;:[0.5811,0.4095],&quot;label&quot;:&quot;10&quot;,&quot;more&quot;:&quot;Vaata veel&quot;},{&quot;layer&quot;:&quot;my-map&quot;,&quot;id&quot;:&quot;N&otilde;iamaja &quot;,&quot;title&quot;:&quot;11. N&otilde;iamaja &quot;,&quot;pin&quot;:&quot;my-new-pin&quot;,&quot;category&quot;:&quot;false&quot;,&quot;action&quot;:&quot;default&quot;,&quot;link&quot;:&quot;https:\/\/viikingitekyla.ee\/noiamaja-2le\/&quot;,&quot;desc&quot;:&quot;N&otilde;iamaja on m&otilde;eldud kuni 2-le &ouml;&ouml;bijale kes ei ole v&auml;ga n&otilde;udlikud mugavuste suhtes, aga peavad lugu loodusl&auml;hedasest ja privaatsest &ouml;&ouml;bimise v&otilde;imalusest. N&otilde;iamaja asub &bdquo;Koopasauna&ldquo; vastas, teisel pool tiiki, kus &ouml;&ouml;bijatel on v&otilde;imalik k&auml;ia WC-s ja du&scaron;i all. &quot;,&quot;coord&quot;:[0.5631,0.6496],&quot;label&quot;:&quot;11&quot;,&quot;more&quot;:&quot;Vaata veel&quot;},{&quot;layer&quot;:&quot;my-map&quot;,&quot;id&quot;:&quot;Laste m&auml;nguplats&quot;,&quot;title&quot;:&quot;12. Laste m&auml;nguplats&quot;,&quot;pin&quot;:&quot;my-new-pin&quot;,&quot;category&quot;:&quot;false&quot;,&quot;action&quot;:&quot;default&quot;,&quot;coord&quot;:[0.5233,0.5653],&quot;label&quot;:&quot;12&quot;,&quot;more&quot;:&quot;Vaata veel&quot;},{&quot;layer&quot;:&quot;my-map&quot;,&quot;id&quot;:&quot;Linnus&quot;,&quot;title&quot;:&quot;13. Linnus&quot;,&quot;pin&quot;:&quot;my-new-pin&quot;,&quot;category&quot;:&quot;false&quot;,&quot;action&quot;:&quot;default&quot;,&quot;coord&quot;:[0.4372,0.7488],&quot;label&quot;:&quot;13&quot;,&quot;more&quot;:&quot;Vaata veel&quot;},{&quot;layer&quot;:&quot;my-map&quot;,&quot;id&quot;:&quot;Trib&uuml;&uuml;n&quot;,&quot;title&quot;:&quot;14. Trib&uuml;&uuml;n&quot;,&quot;pin&quot;:&quot;my-new-pin&quot;,&quot;category&quot;:&quot;false&quot;,&quot;action&quot;:&quot;default&quot;,&quot;coord&quot;:[0.4901,0.7736],&quot;label&quot;:&quot;14&quot;,&quot;more&quot;:&quot;Vaata veel&quot;},{&quot;layer&quot;:&quot;my-map&quot;,&quot;id&quot;:&quot;Suitsusaun&quot;,&quot;title&quot;:&quot;15. Suitsusaun&quot;,&quot;pin&quot;:&quot;my-new-pin&quot;,&quot;category&quot;:&quot;false&quot;,&quot;action&quot;:&quot;default&quot;,&quot;link&quot;:&quot;https:\/\/viikingitekyla.ee\/suitsusauna-maja\/&quot;,&quot;coord&quot;:[0.2576,0.6883],&quot;label&quot;:&quot;14&quot;,&quot;more&quot;:&quot;Vaata veel&quot;},{&quot;layer&quot;:&quot;my-map&quot;,&quot;id&quot;:&quot;Vibulaskmise m&auml;rklaud&quot;,&quot;title&quot;:&quot;16. Vibulaskmise m&auml;rklaud&quot;,&quot;pin&quot;:&quot;my-new-pin&quot;,&quot;category&quot;:&quot;false&quot;,&quot;action&quot;:&quot;default&quot;,&quot;coord&quot;:[0.412,0.8009],&quot;label&quot;:&quot;16&quot;,&quot;more&quot;:&quot;Vaata veel&quot;},{&quot;layer&quot;:&quot;my-map&quot;,&quot;id&quot;:&quot;Kirveloopimise m&auml;rklaud&quot;,&quot;title&quot;:&quot;17. Kirveloopimise m&auml;rklaud&quot;,&quot;pin&quot;:&quot;my-new-pin&quot;,&quot;category&quot;:&quot;false&quot;,&quot;action&quot;:&quot;default&quot;,&quot;coord&quot;:[0.402,0.7661],&quot;label&quot;:&quot;1&quot;,&quot;more&quot;:&quot;Vaata veel&quot;},{&quot;layer&quot;:&quot;my-map&quot;,&quot;id&quot;:&quot;Kiviheittemasinad&quot;,&quot;title&quot;:&quot;18. Kiviheittemasinad&quot;,&quot;pin&quot;:&quot;my-new-pin&quot;,&quot;category&quot;:&quot;false&quot;,&quot;action&quot;:&quot;default&quot;,&quot;coord&quot;:[0.4699,0.6508],&quot;label&quot;:&quot;18&quot;,&quot;more&quot;:&quot;Vaata veel&quot;},{&quot;layer&quot;:&quot;my-map&quot;,&quot;id&quot;:&quot;K&uuml;lakiik&quot;,&quot;title&quot;:&quot;19. K&uuml;lakiik&quot;,&quot;pin&quot;:&quot;my-new-pin&quot;,&quot;category&quot;:&quot;false&quot;,&quot;action&quot;:&quot;default&quot;,&quot;coord&quot;:[0.4466,0.6206],&quot;label&quot;:&quot;19&quot;,&quot;more&quot;:&quot;Vaata veel&quot;},{&quot;layer&quot;:&quot;my-map&quot;,&quot;id&quot;:&quot;M&auml;lestusm&auml;rk&quot;,&quot;title&quot;:&quot;20. M&auml;lestusm&auml;rk&quot;,&quot;pin&quot;:&quot;my-new-pin&quot;,&quot;category&quot;:&quot;false&quot;,&quot;action&quot;:&quot;default&quot;,&quot;coord&quot;:[0.2952,0.5625],&quot;label&quot;:&quot;20&quot;,&quot;more&quot;:&quot;Vaata veel&quot;},{&quot;layer&quot;:&quot;my-map&quot;,&quot;id&quot;:&quot;L&otilde;kkeplats ruunidega&quot;,&quot;title&quot;:&quot;21. L&otilde;kkeplats ruunidega&quot;,&quot;pin&quot;:&quot;my-new-pin&quot;,&quot;category&quot;:&quot;false&quot;,&quot;action&quot;:&quot;default&quot;,&quot;coord&quot;:[0.2882,0.502],&quot;label&quot;:&quot;21&quot;,&quot;more&quot;:&quot;Vaata veel&quot;},{&quot;layer&quot;:&quot;my-map&quot;,&quot;id&quot;:&quot;Armastuse aed&quot;,&quot;title&quot;:&quot;22. Armastuse aed&quot;,&quot;pin&quot;:&quot;my-new-pin&quot;,&quot;category&quot;:&quot;false&quot;,&quot;action&quot;:&quot;default&quot;,&quot;coord&quot;:[0.3475,0.4798],&quot;label&quot;:&quot;22&quot;,&quot;more&quot;:&quot;Vaata veel&quot;},{&quot;layer&quot;:&quot;my-map&quot;,&quot;id&quot;:&quot;Tantsu- ja laululava&quot;,&quot;title&quot;:&quot;23. Tantsu- ja laululava&quot;,&quot;pin&quot;:&quot;my-new-pin&quot;,&quot;category&quot;:&quot;false&quot;,&quot;action&quot;:&quot;default&quot;,&quot;coord&quot;:[0.2945,0.4329],&quot;label&quot;:&quot;23&quot;,&quot;more&quot;:&quot;Vaata veel&quot;},{&quot;layer&quot;:&quot;my-map&quot;,&quot;id&quot;:&quot;Viikingite laev&quot;,&quot;title&quot;:&quot;24. Viikingite laev&quot;,&quot;pin&quot;:&quot;my-new-pin&quot;,&quot;category&quot;:&quot;false&quot;,&quot;action&quot;:&quot;default&quot;,&quot;coord&quot;:[0.2575,0.4909],&quot;label&quot;:&quot;24&quot;,&quot;more&quot;:&quot;Vaata veel&quot;},{&quot;layer&quot;:&quot;my-map&quot;,&quot;id&quot;:&quot;Telkimine&quot;,&quot;title&quot;:&quot;25. Telkimine&quot;,&quot;pin&quot;:&quot;my-new-pin&quot;,&quot;category&quot;:&quot;false&quot;,&quot;action&quot;:&quot;default&quot;,&quot;coord&quot;:[0.1835,0.7428],&quot;label&quot;:&quot;25&quot;,&quot;more&quot;:&quot;Vaata veel&quot;},{&quot;layer&quot;:&quot;my-map&quot;,&quot;id&quot;:&quot;Maaalune tunnel&quot;,&quot;title&quot;:&quot;26. Maaalune tunnel&quot;,&quot;pin&quot;:&quot;my-new-pin&quot;,&quot;category&quot;:&quot;false&quot;,&quot;action&quot;:&quot;default&quot;,&quot;coord&quot;:[0.2156,0.8094],&quot;label&quot;:&quot;26&quot;,&quot;more&quot;:&quot;Vaata veel&quot;},{&quot;layer&quot;:&quot;my-map&quot;,&quot;id&quot;:&quot;Siniallika matkarada&quot;,&quot;title&quot;:&quot;27. Siniallika matkarada&quot;,&quot;pin&quot;:&quot;my-new-pin&quot;,&quot;category&quot;:&quot;false&quot;,&quot;action&quot;:&quot;default&quot;,&quot;coord&quot;:[0.2302,0.867],&quot;label&quot;:&quot;27&quot;,&quot;more&quot;:&quot;Vaata veel&quot;},{&quot;layer&quot;:&quot;my-map&quot;,&quot;id&quot;:&quot;Jalgratta laenutus&quot;,&quot;title&quot;:&quot;28. Jalgratta laenutus&quot;,&quot;pin&quot;:&quot;my-new-pin&quot;,&quot;category&quot;:&quot;false&quot;,&quot;action&quot;:&quot;default&quot;,&quot;coord&quot;:[0.4856,0.2765],&quot;label&quot;:&quot;28&quot;,&quot;more&quot;:&quot;Vaata veel&quot;},{&quot;layer&quot;:&quot;my-map&quot;,&quot;id&quot;:&quot;Vaatetornid&quot;,&quot;title&quot;:&quot;29. Vaatetornid&quot;,&quot;pin&quot;:&quot;my-new-pin&quot;,&quot;category&quot;:&quot;false&quot;,&quot;action&quot;:&quot;default&quot;,&quot;coord&quot;:[0.4773,0.8045],&quot;label&quot;:&quot;29&quot;,&quot;more&quot;:&quot;Vaata veel&quot;},{&quot;layer&quot;:&quot;my-map&quot;,&quot;id&quot;:&quot;Trummimaja&quot;,&quot;title&quot;:&quot;30. Trummimaja&quot;,&quot;pin&quot;:&quot;my-new-pin&quot;,&quot;category&quot;:&quot;false&quot;,&quot;action&quot;:&quot;default&quot;,&quot;coord&quot;:[0.515,0.6409],&quot;label&quot;:&quot;30&quot;,&quot;more&quot;:&quot;Vaata veel&quot;},{&quot;layer&quot;:&quot;my-map&quot;,&quot;id&quot;:&quot;P&otilde;rgukatel&quot;,&quot;title&quot;:&quot;31. P&otilde;rgukatel&quot;,&quot;pin&quot;:&quot;my-new-pin&quot;,&quot;category&quot;:&quot;false&quot;,&quot;action&quot;:&quot;default&quot;,&quot;coord&quot;:[0.559,0.6773],&quot;label&quot;:&quot;31&quot;,&quot;more&quot;:&quot;Vaata veel&quot;},{&quot;layer&quot;:&quot;my-map&quot;,&quot;id&quot;:&quot;p&uuml;stkoda&quot;,&quot;title&quot;:&quot;32. P&uuml;stkoda&quot;,&quot;pin&quot;:&quot;my-new-pin&quot;,&quot;category&quot;:&quot;false&quot;,&quot;action&quot;:&quot;default&quot;,&quot;coord&quot;:[0.5652,0.7304],&quot;label&quot;:&quot;32&quot;,&quot;more&quot;:&quot;Vaata veel&quot;},{&quot;layer&quot;:&quot;my-map&quot;,&quot;id&quot;:&quot;Katusealune&quot;,&quot;title&quot;:&quot;33. Katusealune&quot;,&quot;pin&quot;:&quot;my-new-pin&quot;,&quot;category&quot;:&quot;false&quot;,&quot;action&quot;:&quot;default&quot;,&quot;coord&quot;:[0.4862,0.6142],&quot;scale&quot;:1,&quot;label&quot;:&quot;33&quot;,&quot;more&quot;:&quot;Vaata veel&quot;},{&quot;layer&quot;:&quot;my-map&quot;,&quot;id&quot;:&quot;Sepikoda&quot;,&quot;title&quot;:&quot;34. Sepikoda&quot;,&quot;pin&quot;:&quot;my-new-pin&quot;,&quot;category&quot;:&quot;false&quot;,&quot;action&quot;:&quot;default&quot;,&quot;coord&quot;:[0.3959,0.7384],&quot;label&quot;:&quot;34&quot;,&quot;more&quot;:&quot;Vaata veel&quot;},{&quot;layer&quot;:&quot;my-map&quot;,&quot;id&quot;:&quot;Infotahvel&quot;,&quot;title&quot;:&quot;35. Infotahvel&quot;,&quot;pin&quot;:&quot;my-new-pin&quot;,&quot;category&quot;:&quot;false&quot;,&quot;action&quot;:&quot;default&quot;,&quot;coord&quot;:[0.8409,0.5959],&quot;label&quot;:&quot;35&quot;,&quot;more&quot;:&quot;Vaata veel&quot;},{&quot;layer&quot;:&quot;my-map&quot;,&quot;id&quot;:&quot;Kolme venna kivi&quot;,&quot;title&quot;:&quot;36. Kolme venna kivi&quot;,&quot;pin&quot;:&quot;my-new-pin&quot;,&quot;category&quot;:&quot;false&quot;,&quot;action&quot;:&quot;default&quot;,&quot;coord&quot;:[0.8402,0.6897],&quot;label&quot;:&quot;36&quot;,&quot;more&quot;:&quot;Vaata veel&quot;}],&quot;samples&quot;:[{&quot;id&quot;:&quot;def&quot;,&quot;title&quot;:&quot;Default&quot;,&quot;group&quot;:[],&quot;style&quot;:&quot;mloc1&quot;}],&quot;groups&quot;:[],&quot;styles&quot;:[{&quot;class&quot;:&quot;mloc1&quot;,&quot;svg&quot;:true,&quot;marker&quot;:true,&quot;text-color&quot;:&quot;#bb420f&quot;}],&quot;filters&quot;:[],&quot;routes&quot;:[],&quot;legend&quot;:[]}\" data-path=\"https:\/\/viikingitekyla.ee\/wp-content\/plugins\/mapplic-wp\/\/core\/\"><\/mapplic-map>\n<\/div><div class=\"fusion-clearfix\"><\/div><\/div><\/div><\/div><\/div>\n","protected":false},"excerpt":{"rendered":"","protected":false},"author":2,"featured_media":0,"parent":0,"menu_order":0,"comment_status":"closed","ping_status":"closed","template":"","meta":{"_acf_changed":false,"footnotes":""},"class_list":["post-10481","page","type-page","status-publish","hentry"],"acf":[],"yoast_head":"<!-- This site is optimized with the Yoast SEO plugin v27.5 - https:\/\/yoast.com\/product\/yoast-seo-wordpress\/ -->\n<title>Viikingite K\u00fcla kaart - vaata siit, missugune n\u00e4eb meie k\u00fcla v\u00e4lja kaardil.<\/title>\n<meta name=\"description\" content=\"Sellelt lehelt leiad Viikingite K\u00fcla kaardi - vaata ise, kui lahe meil on.\" \/>\n<meta name=\"robots\" content=\"index, follow, max-snippet:-1, max-image-preview:large, max-video-preview:-1\" \/>\n<link rel=\"canonical\" href=\"https:\/\/viikingitekyla.ee\/en\/our-map\/\" \/>\n<meta property=\"og:locale\" content=\"en_US\" \/>\n<meta property=\"og:type\" content=\"article\" \/>\n<meta property=\"og:title\" content=\"Viikingite K\u00fcla kaart - vaata siit, missugune n\u00e4eb meie k\u00fcla v\u00e4lja kaardil.\" \/>\n<meta property=\"og:description\" content=\"Sellelt lehelt leiad Viikingite K\u00fcla kaardi - vaata ise, kui lahe meil on.\" \/>\n<meta property=\"og:url\" content=\"https:\/\/viikingitekyla.ee\/en\/our-map\/\" \/>\n<meta property=\"og:site_name\" content=\"Viikingite k\u00fcla\" \/>\n<meta property=\"article:publisher\" content=\"https:\/\/www.facebook.com\/Viikingitekyla\/?fref=ts\" \/>\n<meta property=\"article:modified_time\" content=\"2025-01-21T18:14:11+00:00\" \/>\n<meta name=\"twitter:card\" content=\"summary_large_image\" \/>\n<meta name=\"twitter:label1\" content=\"Est. reading time\" \/>\n\t<meta name=\"twitter:data1\" content=\"3 minutes\" \/>\n<script type=\"application\/ld+json\" class=\"yoast-schema-graph\">{\"@context\":\"https:\\\/\\\/schema.org\",\"@graph\":[{\"@type\":\"WebPage\",\"@id\":\"https:\\\/\\\/viikingitekyla.ee\\\/en\\\/our-map\\\/\",\"url\":\"https:\\\/\\\/viikingitekyla.ee\\\/en\\\/our-map\\\/\",\"name\":\"Viikingite K\u00fcla kaart - vaata siit, missugune n\u00e4eb meie k\u00fcla v\u00e4lja kaardil.\",\"isPartOf\":{\"@id\":\"https:\\\/\\\/viikingitekyla.ee\\\/#website\"},\"datePublished\":\"2018-09-17T13:37:21+00:00\",\"dateModified\":\"2025-01-21T18:14:11+00:00\",\"description\":\"Sellelt lehelt leiad Viikingite K\u00fcla kaardi - vaata ise, kui lahe meil on.\",\"breadcrumb\":{\"@id\":\"https:\\\/\\\/viikingitekyla.ee\\\/en\\\/our-map\\\/#breadcrumb\"},\"inLanguage\":\"en-US\",\"potentialAction\":[{\"@type\":\"ReadAction\",\"target\":[\"https:\\\/\\\/viikingitekyla.ee\\\/en\\\/our-map\\\/\"]}]},{\"@type\":\"BreadcrumbList\",\"@id\":\"https:\\\/\\\/viikingitekyla.ee\\\/en\\\/our-map\\\/#breadcrumb\",\"itemListElement\":[{\"@type\":\"ListItem\",\"position\":1,\"name\":\"Home\",\"item\":\"https:\\\/\\\/viikingitekyla.ee\\\/en\\\/\"},{\"@type\":\"ListItem\",\"position\":2,\"name\":\"Our Map\"}]},{\"@type\":\"WebSite\",\"@id\":\"https:\\\/\\\/viikingitekyla.ee\\\/#website\",\"url\":\"https:\\\/\\\/viikingitekyla.ee\\\/\",\"name\":\"Viikingite k\u00fcla\",\"description\":\"\",\"publisher\":{\"@id\":\"https:\\\/\\\/viikingitekyla.ee\\\/#organization\"},\"potentialAction\":[{\"@type\":\"SearchAction\",\"target\":{\"@type\":\"EntryPoint\",\"urlTemplate\":\"https:\\\/\\\/viikingitekyla.ee\\\/?s={search_term_string}\"},\"query-input\":{\"@type\":\"PropertyValueSpecification\",\"valueRequired\":true,\"valueName\":\"search_term_string\"}}],\"inLanguage\":\"en-US\"},{\"@type\":\"Organization\",\"@id\":\"https:\\\/\\\/viikingitekyla.ee\\\/#organization\",\"name\":\"Viikingite k\u00fcla\",\"url\":\"https:\\\/\\\/viikingitekyla.ee\\\/\",\"logo\":{\"@type\":\"ImageObject\",\"inLanguage\":\"en-US\",\"@id\":\"https:\\\/\\\/viikingitekyla.ee\\\/#\\\/schema\\\/logo\\\/image\\\/\",\"url\":\"https:\\\/\\\/viikingitekyla.ee\\\/wp-content\\\/uploads\\\/2018\\\/09\\\/Viikingid-300x140logo1.png\",\"contentUrl\":\"https:\\\/\\\/viikingitekyla.ee\\\/wp-content\\\/uploads\\\/2018\\\/09\\\/Viikingid-300x140logo1.png\",\"width\":300,\"height\":140,\"caption\":\"Viikingite k\u00fcla\"},\"image\":{\"@id\":\"https:\\\/\\\/viikingitekyla.ee\\\/#\\\/schema\\\/logo\\\/image\\\/\"},\"sameAs\":[\"https:\\\/\\\/www.facebook.com\\\/Viikingitekyla\\\/?fref=ts\",\"https:\\\/\\\/www.instagram.com\\\/viikingitekyla\\\/\",\"https:\\\/\\\/www.youtube.com\\\/results?search_query=viikingite k\u00fcla\"]}]}<\/script>\n<!-- \/ Yoast SEO plugin. -->","yoast_head_json":{"title":"Viikingite K\u00fcla kaart - vaata siit, missugune n\u00e4eb meie k\u00fcla v\u00e4lja kaardil.","description":"Sellelt lehelt leiad Viikingite K\u00fcla kaardi - vaata ise, kui lahe meil on.","robots":{"index":"index","follow":"follow","max-snippet":"max-snippet:-1","max-image-preview":"max-image-preview:large","max-video-preview":"max-video-preview:-1"},"canonical":"https:\/\/viikingitekyla.ee\/en\/our-map\/","og_locale":"en_US","og_type":"article","og_title":"Viikingite K\u00fcla kaart - vaata siit, missugune n\u00e4eb meie k\u00fcla v\u00e4lja kaardil.","og_description":"Sellelt lehelt leiad Viikingite K\u00fcla kaardi - vaata ise, kui lahe meil on.","og_url":"https:\/\/viikingitekyla.ee\/en\/our-map\/","og_site_name":"Viikingite k\u00fcla","article_publisher":"https:\/\/www.facebook.com\/Viikingitekyla\/?fref=ts","article_modified_time":"2025-01-21T18:14:11+00:00","twitter_card":"summary_large_image","twitter_misc":{"Est. reading time":"3 minutes"},"schema":{"@context":"https:\/\/schema.org","@graph":[{"@type":"WebPage","@id":"https:\/\/viikingitekyla.ee\/en\/our-map\/","url":"https:\/\/viikingitekyla.ee\/en\/our-map\/","name":"Viikingite K\u00fcla kaart - vaata siit, missugune n\u00e4eb meie k\u00fcla v\u00e4lja kaardil.","isPartOf":{"@id":"https:\/\/viikingitekyla.ee\/#website"},"datePublished":"2018-09-17T13:37:21+00:00","dateModified":"2025-01-21T18:14:11+00:00","description":"Sellelt lehelt leiad Viikingite K\u00fcla kaardi - vaata ise, kui lahe meil on.","breadcrumb":{"@id":"https:\/\/viikingitekyla.ee\/en\/our-map\/#breadcrumb"},"inLanguage":"en-US","potentialAction":[{"@type":"ReadAction","target":["https:\/\/viikingitekyla.ee\/en\/our-map\/"]}]},{"@type":"BreadcrumbList","@id":"https:\/\/viikingitekyla.ee\/en\/our-map\/#breadcrumb","itemListElement":[{"@type":"ListItem","position":1,"name":"Home","item":"https:\/\/viikingitekyla.ee\/en\/"},{"@type":"ListItem","position":2,"name":"Our Map"}]},{"@type":"WebSite","@id":"https:\/\/viikingitekyla.ee\/#website","url":"https:\/\/viikingitekyla.ee\/","name":"Viikingite k\u00fcla","description":"","publisher":{"@id":"https:\/\/viikingitekyla.ee\/#organization"},"potentialAction":[{"@type":"SearchAction","target":{"@type":"EntryPoint","urlTemplate":"https:\/\/viikingitekyla.ee\/?s={search_term_string}"},"query-input":{"@type":"PropertyValueSpecification","valueRequired":true,"valueName":"search_term_string"}}],"inLanguage":"en-US"},{"@type":"Organization","@id":"https:\/\/viikingitekyla.ee\/#organization","name":"Viikingite k\u00fcla","url":"https:\/\/viikingitekyla.ee\/","logo":{"@type":"ImageObject","inLanguage":"en-US","@id":"https:\/\/viikingitekyla.ee\/#\/schema\/logo\/image\/","url":"https:\/\/viikingitekyla.ee\/wp-content\/uploads\/2018\/09\/Viikingid-300x140logo1.png","contentUrl":"https:\/\/viikingitekyla.ee\/wp-content\/uploads\/2018\/09\/Viikingid-300x140logo1.png","width":300,"height":140,"caption":"Viikingite k\u00fcla"},"image":{"@id":"https:\/\/viikingitekyla.ee\/#\/schema\/logo\/image\/"},"sameAs":["https:\/\/www.facebook.com\/Viikingitekyla\/?fref=ts","https:\/\/www.instagram.com\/viikingitekyla\/","https:\/\/www.youtube.com\/results?search_query=viikingite k\u00fcla"]}]}},"_links":{"self":[{"href":"https:\/\/viikingitekyla.ee\/en\/wp-json\/wp\/v2\/pages\/10481","targetHints":{"allow":["GET"]}}],"collection":[{"href":"https:\/\/viikingitekyla.ee\/en\/wp-json\/wp\/v2\/pages"}],"about":[{"href":"https:\/\/viikingitekyla.ee\/en\/wp-json\/wp\/v2\/types\/page"}],"author":[{"embeddable":true,"href":"https:\/\/viikingitekyla.ee\/en\/wp-json\/wp\/v2\/users\/2"}],"replies":[{"embeddable":true,"href":"https:\/\/viikingitekyla.ee\/en\/wp-json\/wp\/v2\/comments?post=10481"}],"version-history":[{"count":5,"href":"https:\/\/viikingitekyla.ee\/en\/wp-json\/wp\/v2\/pages\/10481\/revisions"}],"predecessor-version":[{"id":16650,"href":"https:\/\/viikingitekyla.ee\/en\/wp-json\/wp\/v2\/pages\/10481\/revisions\/16650"}],"wp:attachment":[{"href":"https:\/\/viikingitekyla.ee\/en\/wp-json\/wp\/v2\/media?parent=10481"}],"curies":[{"name":"wp","href":"https:\/\/api.w.org\/{rel}","templated":true}]}}