{"id":7225,"date":"2018-08-19T23:00:23","date_gmt":"2018-08-19T20:00:23","guid":{"rendered":"https:\/\/viikingitekyla-ee.vserver.zonevs.eu\/about-the-viking-village-and-our-events\/references-and-interesting-material\/"},"modified":"2018-09-27T12:06:21","modified_gmt":"2018-09-27T09:06:21","slug":"references-and-interesting-material","status":"publish","type":"page","link":"https:\/\/viikingitekyla.ee\/en\/about-the-viking-village-and-our-events\/references-and-interesting-material\/","title":{"rendered":"References and Interesting Material"},"content":{"rendered":"<div class=\"fusion-fullwidth fullwidth-box fusion-builder-row-1 nonhundred-percent-fullwidth non-hundred-percent-height-scrolling\" style=\"--awb-border-radius-top-left:0px;--awb-border-radius-top-right:0px;--awb-border-radius-bottom-right:0px;--awb-border-radius-bottom-left:0px;--awb-flex-wrap:wrap;\" ><div class=\"fusion-builder-row fusion-row\"><div class=\"fusion-layout-column fusion_builder_column fusion-builder-column-0 fusion_builder_column_1_1 1_1 fusion-one-full fusion-column-first fusion-column-last\" style=\"--awb-bg-size:cover;--awb-margin-bottom:0px;\"><div class=\"fusion-column-wrapper fusion-flex-column-wrapper-legacy\"><div class=\"fusion-text fusion-text-1\"><p><strong>Raivo J. Raave: Eesti rahva enesem\u00e4\u00e4ramise m\u00fc\u00fcdid<br \/>\n<\/strong> <a href=\"http:\/\/www.delfi.ee\/archive\/raivo-j-raave-eesti-rahva-enesemaaramise-muudid?id=49766917\">http:\/\/www.delfi.ee\/archive\/raivo-j-raave-eesti-rahva-enesemaaramise-muudid?id=49766917\u00a0<\/a><\/p>\n<p><strong>Pierre Blime imetleb Sinim\u00e4gesid<br \/>\n<\/strong><a href=\"http:\/\/www.pohjarannik.ee\/modules.php?name=News&amp;file=article&amp;sid=3564\">http:\/\/www.pohjarannik.ee\/modules.php?name=News&amp;file=article&amp;sid=3564<\/a><\/p>\n<p><strong>300 aastat Venemaa \u00fchendamisest Eestiga?<br \/>\n<\/strong><a href=\"http:\/\/ekspress.delfi.ee\/kuum\/300-aastat-venemaa-uhendamisest-eestiga?id=33700681\">http:\/\/ekspress.delfi.ee\/kuum\/300-aastat-venemaa-uhendamisest-eestiga?id=33700681<\/a><\/p>\n<p><strong>RUUNID\u00a0 <\/strong><br \/>\n<a href=\"http:\/\/et.wikipedia.org\/wiki\/Ruunid\">http:\/\/et.wikipedia.org\/wiki\/Ruu\u00adnid<\/a><\/p>\n<p><strong>Viikingid orienteerusid pilves ilmaga &#8220;p\u00e4ikesekivide&#8221; abil<\/strong><br \/>\n<a href=\"http:\/\/forte.delfi.ee\/news\/teadus\/viikingid-orienteerusid-pilves-ilmaga-paikesekivide-abil.d?id=39537295\">http:\/\/forte.delfi.ee\/news\/teadus\/viikingid-orienteerusid-pilves-ilmaga-paikesekivide-abil.d?id=39537295<\/a><\/p>\n<p class=\"article__title\" data-parents=\"Eesti\"><strong>V\u00e4liseesti mees tutvustab eesti viikingeid<br \/>\n<a href=\"http:\/\/epl.delfi.ee\/news\/eesti\/valiseesti-mees-tutvustab-eesti-viikingeid?id=50758248\">http:\/\/epl.delfi.ee\/news\/eesti\/valiseesti-mees-tutvustab-eesti-viikingeid?id=50758248<\/a><br \/>\n<\/strong><\/p>\n<p data-parents=\"Eesti\"><strong>Muistsete aarialaste asulad Venemaa stepis kubisevad haakristidest<\/strong><br \/>\n<a href=\"http:\/\/forte.delfi.ee\/news\/teadus\/muistsete-aarialaste-asulad-venemaa-stepis-kubisevad-haakristidest?id=33628801\">http:\/\/forte.delfi.ee\/news\/teadus\/muistsete-aarialaste-asulad-venemaa-stepis-kubisevad-haakristidest?id=33628801<\/a><\/p>\n<p><strong>Kes me oleme, eestlased?<\/strong><br \/>\n<a href=\"http:\/\/solnichkas.blogspot.com.ee\/2009\/05\/kes-me-oleme-eestlased.html\">http:\/\/solnichkas.blogspot.com.ee\/2009\/05\/kes-me-oleme-eestlased.html<\/a><\/p>\n<p><span lang=\"EN-GB\"><strong>Eestlased, viikingid ja Idatee (9.-11. saj)<\/strong><br \/>\n<\/span><a href=\"http:\/\/muinasaeg.blogspot.com.ee\/p\/viikingiaeg.html\"><span lang=\"EN-GB\">http:\/\/muinasaeg.blogspot.com.ee\/p\/viikingiaeg.html\u00a0<\/span><\/a><\/p>\n<\/div><div class=\"fusion-clearfix\"><\/div><\/div><\/div><\/div><\/div>\n","protected":false},"excerpt":{"rendered":"","protected":false},"author":2,"featured_media":0,"parent":7221,"menu_order":0,"comment_status":"closed","ping_status":"closed","template":"","meta":{"_acf_changed":false,"footnotes":""},"class_list":["post-7225","page","type-page","status-publish","hentry"],"acf":[],"yoast_head":"<!-- This site is optimized with the Yoast SEO plugin v27.4 - https:\/\/yoast.com\/product\/yoast-seo-wordpress\/ -->\n<title>Viking Village - References and Interesting Material<\/title>\n<meta name=\"description\" content=\"References and Interesting Material about Viking Village\" \/>\n<meta name=\"robots\" content=\"index, follow, max-snippet:-1, max-image-preview:large, max-video-preview:-1\" \/>\n<link rel=\"canonical\" href=\"https:\/\/viikingitekyla.ee\/viikingite-kulast-ja-tegemistest\/viited-ja-huvitavat-materjali\/\" \/>\n<meta property=\"og:locale\" content=\"en_US\" \/>\n<meta property=\"og:type\" content=\"article\" \/>\n<meta property=\"og:title\" content=\"Viking Village - References and Interesting Material\" \/>\n<meta property=\"og:description\" content=\"References and Interesting Material about Viking Village\" \/>\n<meta property=\"og:url\" content=\"https:\/\/viikingitekyla.ee\/viikingite-kulast-ja-tegemistest\/viited-ja-huvitavat-materjali\/\" \/>\n<meta property=\"og:site_name\" content=\"Viikingite k\u00fcla\" \/>\n<meta property=\"article:publisher\" content=\"https:\/\/www.facebook.com\/Viikingitekyla\/?fref=ts\" \/>\n<meta property=\"article:modified_time\" content=\"2018-09-27T09:06:21+00:00\" \/>\n<meta name=\"twitter:card\" content=\"summary_large_image\" \/>\n<meta name=\"twitter:label1\" content=\"Est. reading time\" \/>\n\t<meta name=\"twitter:data1\" content=\"1 minute\" \/>\n<script type=\"application\/ld+json\" class=\"yoast-schema-graph\">{\"@context\":\"https:\\\/\\\/schema.org\",\"@graph\":[{\"@type\":\"WebPage\",\"@id\":\"https:\\\/\\\/viikingitekyla.ee\\\/viikingite-kulast-ja-tegemistest\\\/viited-ja-huvitavat-materjali\\\/\",\"url\":\"https:\\\/\\\/viikingitekyla.ee\\\/viikingite-kulast-ja-tegemistest\\\/viited-ja-huvitavat-materjali\\\/\",\"name\":\"Viking Village - References and Interesting Material\",\"isPartOf\":{\"@id\":\"https:\\\/\\\/viikingitekyla.ee\\\/#website\"},\"datePublished\":\"2018-08-19T20:00:23+00:00\",\"dateModified\":\"2018-09-27T09:06:21+00:00\",\"description\":\"References and Interesting Material about Viking Village\",\"breadcrumb\":{\"@id\":\"https:\\\/\\\/viikingitekyla.ee\\\/viikingite-kulast-ja-tegemistest\\\/viited-ja-huvitavat-materjali\\\/#breadcrumb\"},\"inLanguage\":\"en-US\",\"potentialAction\":[{\"@type\":\"ReadAction\",\"target\":[\"https:\\\/\\\/viikingitekyla.ee\\\/viikingite-kulast-ja-tegemistest\\\/viited-ja-huvitavat-materjali\\\/\"]}]},{\"@type\":\"BreadcrumbList\",\"@id\":\"https:\\\/\\\/viikingitekyla.ee\\\/viikingite-kulast-ja-tegemistest\\\/viited-ja-huvitavat-materjali\\\/#breadcrumb\",\"itemListElement\":[{\"@type\":\"ListItem\",\"position\":1,\"name\":\"Home\",\"item\":\"https:\\\/\\\/viikingitekyla.ee\\\/en\\\/\"},{\"@type\":\"ListItem\",\"position\":2,\"name\":\"About the Viking Village and our events\",\"item\":\"https:\\\/\\\/viikingitekyla.ee\\\/viikingite-kulast-ja-tegemistest\\\/\"},{\"@type\":\"ListItem\",\"position\":3,\"name\":\"References and Interesting Material\"}]},{\"@type\":\"WebSite\",\"@id\":\"https:\\\/\\\/viikingitekyla.ee\\\/#website\",\"url\":\"https:\\\/\\\/viikingitekyla.ee\\\/\",\"name\":\"Viikingite k\u00fcla\",\"description\":\"\",\"publisher\":{\"@id\":\"https:\\\/\\\/viikingitekyla.ee\\\/#organization\"},\"potentialAction\":[{\"@type\":\"SearchAction\",\"target\":{\"@type\":\"EntryPoint\",\"urlTemplate\":\"https:\\\/\\\/viikingitekyla.ee\\\/?s={search_term_string}\"},\"query-input\":{\"@type\":\"PropertyValueSpecification\",\"valueRequired\":true,\"valueName\":\"search_term_string\"}}],\"inLanguage\":\"en-US\"},{\"@type\":\"Organization\",\"@id\":\"https:\\\/\\\/viikingitekyla.ee\\\/#organization\",\"name\":\"Viikingite k\u00fcla\",\"url\":\"https:\\\/\\\/viikingitekyla.ee\\\/\",\"logo\":{\"@type\":\"ImageObject\",\"inLanguage\":\"en-US\",\"@id\":\"https:\\\/\\\/viikingitekyla.ee\\\/#\\\/schema\\\/logo\\\/image\\\/\",\"url\":\"https:\\\/\\\/viikingitekyla.ee\\\/wp-content\\\/uploads\\\/2018\\\/09\\\/Viikingid-300x140logo1.png\",\"contentUrl\":\"https:\\\/\\\/viikingitekyla.ee\\\/wp-content\\\/uploads\\\/2018\\\/09\\\/Viikingid-300x140logo1.png\",\"width\":300,\"height\":140,\"caption\":\"Viikingite k\u00fcla\"},\"image\":{\"@id\":\"https:\\\/\\\/viikingitekyla.ee\\\/#\\\/schema\\\/logo\\\/image\\\/\"},\"sameAs\":[\"https:\\\/\\\/www.facebook.com\\\/Viikingitekyla\\\/?fref=ts\",\"https:\\\/\\\/www.instagram.com\\\/viikingitekyla\\\/\",\"https:\\\/\\\/www.youtube.com\\\/results?search_query=viikingite k\u00fcla\"]}]}<\/script>\n<!-- \/ Yoast SEO plugin. -->","yoast_head_json":{"title":"Viking Village - References and Interesting Material","description":"References and Interesting Material about Viking Village","robots":{"index":"index","follow":"follow","max-snippet":"max-snippet:-1","max-image-preview":"max-image-preview:large","max-video-preview":"max-video-preview:-1"},"canonical":"https:\/\/viikingitekyla.ee\/viikingite-kulast-ja-tegemistest\/viited-ja-huvitavat-materjali\/","og_locale":"en_US","og_type":"article","og_title":"Viking Village - References and Interesting Material","og_description":"References and Interesting Material about Viking Village","og_url":"https:\/\/viikingitekyla.ee\/viikingite-kulast-ja-tegemistest\/viited-ja-huvitavat-materjali\/","og_site_name":"Viikingite k\u00fcla","article_publisher":"https:\/\/www.facebook.com\/Viikingitekyla\/?fref=ts","article_modified_time":"2018-09-27T09:06:21+00:00","twitter_card":"summary_large_image","twitter_misc":{"Est. reading time":"1 minute"},"schema":{"@context":"https:\/\/schema.org","@graph":[{"@type":"WebPage","@id":"https:\/\/viikingitekyla.ee\/viikingite-kulast-ja-tegemistest\/viited-ja-huvitavat-materjali\/","url":"https:\/\/viikingitekyla.ee\/viikingite-kulast-ja-tegemistest\/viited-ja-huvitavat-materjali\/","name":"Viking Village - References and Interesting Material","isPartOf":{"@id":"https:\/\/viikingitekyla.ee\/#website"},"datePublished":"2018-08-19T20:00:23+00:00","dateModified":"2018-09-27T09:06:21+00:00","description":"References and Interesting Material about Viking Village","breadcrumb":{"@id":"https:\/\/viikingitekyla.ee\/viikingite-kulast-ja-tegemistest\/viited-ja-huvitavat-materjali\/#breadcrumb"},"inLanguage":"en-US","potentialAction":[{"@type":"ReadAction","target":["https:\/\/viikingitekyla.ee\/viikingite-kulast-ja-tegemistest\/viited-ja-huvitavat-materjali\/"]}]},{"@type":"BreadcrumbList","@id":"https:\/\/viikingitekyla.ee\/viikingite-kulast-ja-tegemistest\/viited-ja-huvitavat-materjali\/#breadcrumb","itemListElement":[{"@type":"ListItem","position":1,"name":"Home","item":"https:\/\/viikingitekyla.ee\/en\/"},{"@type":"ListItem","position":2,"name":"About the Viking Village and our events","item":"https:\/\/viikingitekyla.ee\/viikingite-kulast-ja-tegemistest\/"},{"@type":"ListItem","position":3,"name":"References and Interesting Material"}]},{"@type":"WebSite","@id":"https:\/\/viikingitekyla.ee\/#website","url":"https:\/\/viikingitekyla.ee\/","name":"Viikingite k\u00fcla","description":"","publisher":{"@id":"https:\/\/viikingitekyla.ee\/#organization"},"potentialAction":[{"@type":"SearchAction","target":{"@type":"EntryPoint","urlTemplate":"https:\/\/viikingitekyla.ee\/?s={search_term_string}"},"query-input":{"@type":"PropertyValueSpecification","valueRequired":true,"valueName":"search_term_string"}}],"inLanguage":"en-US"},{"@type":"Organization","@id":"https:\/\/viikingitekyla.ee\/#organization","name":"Viikingite k\u00fcla","url":"https:\/\/viikingitekyla.ee\/","logo":{"@type":"ImageObject","inLanguage":"en-US","@id":"https:\/\/viikingitekyla.ee\/#\/schema\/logo\/image\/","url":"https:\/\/viikingitekyla.ee\/wp-content\/uploads\/2018\/09\/Viikingid-300x140logo1.png","contentUrl":"https:\/\/viikingitekyla.ee\/wp-content\/uploads\/2018\/09\/Viikingid-300x140logo1.png","width":300,"height":140,"caption":"Viikingite k\u00fcla"},"image":{"@id":"https:\/\/viikingitekyla.ee\/#\/schema\/logo\/image\/"},"sameAs":["https:\/\/www.facebook.com\/Viikingitekyla\/?fref=ts","https:\/\/www.instagram.com\/viikingitekyla\/","https:\/\/www.youtube.com\/results?search_query=viikingite k\u00fcla"]}]}},"_links":{"self":[{"href":"https:\/\/viikingitekyla.ee\/en\/wp-json\/wp\/v2\/pages\/7225","targetHints":{"allow":["GET"]}}],"collection":[{"href":"https:\/\/viikingitekyla.ee\/en\/wp-json\/wp\/v2\/pages"}],"about":[{"href":"https:\/\/viikingitekyla.ee\/en\/wp-json\/wp\/v2\/types\/page"}],"author":[{"embeddable":true,"href":"https:\/\/viikingitekyla.ee\/en\/wp-json\/wp\/v2\/users\/2"}],"replies":[{"embeddable":true,"href":"https:\/\/viikingitekyla.ee\/en\/wp-json\/wp\/v2\/comments?post=7225"}],"version-history":[{"count":1,"href":"https:\/\/viikingitekyla.ee\/en\/wp-json\/wp\/v2\/pages\/7225\/revisions"}],"predecessor-version":[{"id":10693,"href":"https:\/\/viikingitekyla.ee\/en\/wp-json\/wp\/v2\/pages\/7225\/revisions\/10693"}],"up":[{"embeddable":true,"href":"https:\/\/viikingitekyla.ee\/en\/wp-json\/wp\/v2\/pages\/7221"}],"wp:attachment":[{"href":"https:\/\/viikingitekyla.ee\/en\/wp-json\/wp\/v2\/media?parent=7225"}],"curies":[{"name":"wp","href":"https:\/\/api.w.org\/{rel}","templated":true}]}}