{"id":7226,"date":"2018-08-19T23:02:00","date_gmt":"2018-08-19T20:02:00","guid":{"rendered":"https:\/\/viikingitekyla-ee.vserver.zonevs.eu\/about-the-viking-village-and-our-events\/in-the-media\/"},"modified":"2018-08-19T23:02:00","modified_gmt":"2018-08-19T20:02:00","slug":"in-the-media","status":"publish","type":"page","link":"https:\/\/viikingitekyla.ee\/en\/about-the-viking-village-and-our-events\/in-the-media\/","title":{"rendered":"In the media"},"content":{"rendered":"<p style=\"text-align: center;\">[tekst]<\/p>\n<h1 style=\"text-align: center; padding: 0px;\"><strong>Newspaper<\/strong><\/h1>\n<p style=\"text-align: center;\"><a href=\"http:\/\/www.delfi.ee\/news\/paevauudised\/eesti\/video-ja-fotod-viikingite-kulas-peeti-vabariigi-aastapaeva-auks-verist-moogavoitlust.d?id=68087771\">Viikingite K\u00fclas peeti vabariigi aastapaeva auks verist m\u00f5\u00f5gavoitlust<\/a><\/p>\n<p style=\"text-align: center;\"><a href=\"http:\/\/www.postimees.ee\/966340\/viikingite-kulas-tapeldi-tugevaima-selgitamise-nimel\">Viikingite K\u00fclas tapeldi tugevaima selgitamise nimel<\/a><\/p>\n<p style=\"text-align: center;\"><a href=\"http:\/\/www.rmp.ee\/rutiinist-valja\/huvitav-lugemine\/13167?Print=1&amp;popUp=1\">www.rmp.ee -rutiinist v\u00e4lja<\/a><\/p>\n<p style=\"text-align: center;\"><a href=\"http:\/\/www.teatoimeta.ee\/KUHU_MINNA_LASTEGA_272.htm\">www.teatoimeta.ee &#8211; kuhu minna lastega<\/a><\/p>\n<p style=\"text-align: center;\"><a href=\"http:\/\/www.aripaev.ee\/assets\/pdfArchive\/pdf\/lehed\/4726.pdf\">\u00c4rip\u00e4ev.ee: Pdf V\u00e4ljaandest 2010 juuni &#8220;P\u00f5hjamaade au ja uhkus Tallinna k\u00fclje all&#8221;<\/a><\/p>\n<p style=\"text-align: center;\"><a href=\"http:\/\/www.aripaev.ee\/uudised\/2010\/06\/27\/puhkus-pohjamaade-au-ja-uhkus-tallinna-kulje-all\"><strong>\u00c4rip\u00e4ev \u00a0\u00a0\u201eP\u00f5hjamaade au ja uhkus Tallinna k\u00fclje all\u201c<\/strong><\/a><\/p>\n<p style=\"text-align: center;\"><a href=\"http:\/\/tarbija24.postimees.ee\/275466\/puhkekeskused-taituvad-suvel-pilgeni\">Postimees.ee\u00a0&#8211;\u00a0puhkekeskused t\u00e4ituvad-suvel-pilgeni<\/a><\/p>\n<p style=\"text-align: center;\"><a href=\"http:\/\/maaleht.delfi.ee\/news\/uudised\/eestiuudised\/otse-tallinn-tartu-maantee-korvale-kerkib-kiviheitemasinaga-linnus.d?id=23968623\">Maaleht -Otse-tallinn-tartu-maantee-korvale-kerkib-kiviheitemasinaga-linnus<\/a><\/p>\n<p style=\"text-align: center;\">\u00a0<a href=\"http:\/\/maaelu.postimees.ee\/4070873\/viikingite-vaimust-veetud\">Viikingite vaimust veetud<\/a><\/p>\n<p class=\"article-title\" style=\"text-align: center;\"><a href=\"http:\/\/digi.perejakodu.ee\/uudised\/viikingite-vasimatu-pealik?id=77065368\">Viikingite v\u00e4simatu pealik<\/a><\/p>\n<p class=\"article-title\" style=\"text-align: center;\"><a href=\"http:\/\/maaleht.delfi.ee\/news\/maaleht\/elu\/hull-mote-kui-teeks-puust-ahju?id=73816409\">Hull m\u00f5te: kui teeks puust ahju?<\/a><\/p>\n<p style=\"text-align: center;\"><a href=\"http:\/\/www.ehitusuudised.ee\/uudised\/2011\/06\/09\/harjumaa-kaunimad-ehitised-selgunud\"><strong>\u00c4rip\u00e4evas \u201e Harjumaa kauneimad ehitised 2011\u201c<\/strong><\/a><\/p>\n<p style=\"text-align: center;\">\n<h1 style=\"text-align: center; padding: 0px;\"><strong>TV<\/strong><\/h1>\n<p style=\"text-align: center;\"><a href=\"http:\/\/www.tv3play.ee\/sisu\/seitsmesed-uudised-2014\/361355?autostart=true\">TV3 -seitsmesed-uudised<\/a><\/p>\n<p style=\"text-align: center;\"><a href=\"http:\/\/kanal2.ee\/pluss\/video?id=15105\">Kanal2.ee<\/a><\/p>\n<p style=\"text-align: center;\"><a href=\"http:\/\/www.youtube.com\/watch?v=yIQkFlbEcoY&amp;feature=youtu.be\">Youtube &#8211; viikingite v\u00f5itlus<\/a><\/p>\n<p style=\"text-align: center;\"><a href=\"https:\/\/youtu.be\/oulZsEGpjyI\"><strong>ETV AK\u00a0 \u201eSaula 2015 &#8211; HMB buhurt 5vs5 &#8211; Estonia-1 vs Visitors (Fin\/Fra\/Est)\u201c<\/strong><\/a><\/p>\n<p style=\"text-align: center;\"><a href=\"https:\/\/www.lyoness.tv\/pl-PL\/shows\/0_wxomlyv1-event-tourism-innovative-business-concepts-with-entertainment-value?autoplay=true\"><strong>Cashback World \u2013 Lyoness TV <\/strong><\/a><\/p>\n<p style=\"text-align: center;\"><a href=\"https:\/\/www.facebook.com\/Viikingitekyla\/videos\/1466349850087679\/\" target=\"_blank\" rel=\"noopener\">Telesaade &#8220;Naudime Elu&#8221; k\u00e4is Viikingite k\u00fclaga tutvumas!<\/a><\/p>\n<p style=\"text-align: center;\">\n<h1 style=\"text-align: center; padding: 0px;\"><strong>Radio<\/strong><\/h1>\n<p style=\"text-align: center;\"><a href=\"http:\/\/www.youtube.com\/watch?v=hUWOdABVljQ\">Raadio Elmar -Mia j\u00f5ulumaa<\/a><\/p>\n<p style=\"text-align: center;\"><a href=\"http:\/\/r4.err.ee\/v\/estoniya_v_tarelke\/saated\/05a92250-1e61-44ed-b8c7-96f701407995\/estoniya-v-tarelke\" target=\"_blank\" rel=\"noopener\">Viikingite k\u00fcla vestlus Raadio 4<\/a><\/p>\n<p>&nbsp;<\/p>\n<h1 style=\"text-align: center; padding: 0px;\">Web<\/h1>\n<p style=\"text-align: center;\"><a href=\"http:\/\/www.sekretar.ee\/uudised\/2010\/06\/28\/puhkus-pohjamaade-au-ja-uhkus-tallinna-kulje-all\"><strong>Sekret\u00e4r\u00a0 PUHKUS\u00a0\u00a0<\/strong><\/a><\/p>\n<p style=\"text-align: center;\"><a href=\"http:\/\/elu24.postimees.ee\/3952903\/kinoteater-teeb-tarantinot\"><strong>Elu24 <\/strong>\u00a0<\/a><\/p>\n<p style=\"text-align: center;\">[\/tekst]<\/p>\n<p>&nbsp;<\/p>\n","protected":false},"excerpt":{"rendered":"<p>[tekst] Newspaper Viikingite K\u00fclas peeti vabariigi aastapaeva auks verist m\u00f5\u00f5gavoitlust  [&#8230;]<\/p>\n","protected":false},"author":1,"featured_media":0,"parent":7221,"menu_order":3,"comment_status":"open","ping_status":"closed","template":"","meta":{"_acf_changed":false,"footnotes":""},"class_list":["post-7226","page","type-page","status-publish","hentry"],"acf":[],"yoast_head":"<!-- This site is optimized with the Yoast SEO plugin v27.4 - https:\/\/yoast.com\/product\/yoast-seo-wordpress\/ -->\n<title>Viking Village In the media<\/title>\n<meta name=\"description\" content=\"Viking Village in TV, Radio and newspaper- read nad enjoy!\" \/>\n<meta name=\"robots\" content=\"index, follow, max-snippet:-1, max-image-preview:large, max-video-preview:-1\" \/>\n<link rel=\"canonical\" href=\"https:\/\/viikingitekyla.ee\/viikingite-kulast-ja-tegemistest\/meedias\/\" \/>\n<meta property=\"og:locale\" content=\"en_US\" \/>\n<meta property=\"og:type\" content=\"article\" \/>\n<meta property=\"og:title\" content=\"Viking Village In the media\" \/>\n<meta property=\"og:description\" content=\"Viking Village in TV, Radio and newspaper- read nad enjoy!\" \/>\n<meta property=\"og:url\" content=\"https:\/\/viikingitekyla.ee\/viikingite-kulast-ja-tegemistest\/meedias\/\" \/>\n<meta property=\"og:site_name\" content=\"Viikingite k\u00fcla\" \/>\n<meta property=\"article:publisher\" content=\"https:\/\/www.facebook.com\/Viikingitekyla\/?fref=ts\" \/>\n<meta name=\"twitter:card\" content=\"summary_large_image\" \/>\n<meta name=\"twitter:label1\" content=\"Est. reading time\" \/>\n\t<meta name=\"twitter:data1\" content=\"1 minute\" \/>\n<script type=\"application\/ld+json\" class=\"yoast-schema-graph\">{\"@context\":\"https:\\\/\\\/schema.org\",\"@graph\":[{\"@type\":\"WebPage\",\"@id\":\"https:\\\/\\\/viikingitekyla.ee\\\/viikingite-kulast-ja-tegemistest\\\/meedias\\\/\",\"url\":\"https:\\\/\\\/viikingitekyla.ee\\\/viikingite-kulast-ja-tegemistest\\\/meedias\\\/\",\"name\":\"Viking Village In the media\",\"isPartOf\":{\"@id\":\"https:\\\/\\\/viikingitekyla.ee\\\/#website\"},\"datePublished\":\"2018-08-19T20:02:00+00:00\",\"description\":\"Viking Village in TV, Radio and newspaper- read nad enjoy!\",\"breadcrumb\":{\"@id\":\"https:\\\/\\\/viikingitekyla.ee\\\/viikingite-kulast-ja-tegemistest\\\/meedias\\\/#breadcrumb\"},\"inLanguage\":\"en-US\",\"potentialAction\":[{\"@type\":\"ReadAction\",\"target\":[\"https:\\\/\\\/viikingitekyla.ee\\\/viikingite-kulast-ja-tegemistest\\\/meedias\\\/\"]}]},{\"@type\":\"BreadcrumbList\",\"@id\":\"https:\\\/\\\/viikingitekyla.ee\\\/viikingite-kulast-ja-tegemistest\\\/meedias\\\/#breadcrumb\",\"itemListElement\":[{\"@type\":\"ListItem\",\"position\":1,\"name\":\"Home\",\"item\":\"https:\\\/\\\/viikingitekyla.ee\\\/en\\\/\"},{\"@type\":\"ListItem\",\"position\":2,\"name\":\"About the Viking Village and our events\",\"item\":\"https:\\\/\\\/viikingitekyla.ee\\\/viikingite-kulast-ja-tegemistest\\\/\"},{\"@type\":\"ListItem\",\"position\":3,\"name\":\"In the media\"}]},{\"@type\":\"WebSite\",\"@id\":\"https:\\\/\\\/viikingitekyla.ee\\\/#website\",\"url\":\"https:\\\/\\\/viikingitekyla.ee\\\/\",\"name\":\"Viikingite k\u00fcla\",\"description\":\"\",\"publisher\":{\"@id\":\"https:\\\/\\\/viikingitekyla.ee\\\/#organization\"},\"potentialAction\":[{\"@type\":\"SearchAction\",\"target\":{\"@type\":\"EntryPoint\",\"urlTemplate\":\"https:\\\/\\\/viikingitekyla.ee\\\/?s={search_term_string}\"},\"query-input\":{\"@type\":\"PropertyValueSpecification\",\"valueRequired\":true,\"valueName\":\"search_term_string\"}}],\"inLanguage\":\"en-US\"},{\"@type\":\"Organization\",\"@id\":\"https:\\\/\\\/viikingitekyla.ee\\\/#organization\",\"name\":\"Viikingite k\u00fcla\",\"url\":\"https:\\\/\\\/viikingitekyla.ee\\\/\",\"logo\":{\"@type\":\"ImageObject\",\"inLanguage\":\"en-US\",\"@id\":\"https:\\\/\\\/viikingitekyla.ee\\\/#\\\/schema\\\/logo\\\/image\\\/\",\"url\":\"https:\\\/\\\/viikingitekyla.ee\\\/wp-content\\\/uploads\\\/2018\\\/09\\\/Viikingid-300x140logo1.png\",\"contentUrl\":\"https:\\\/\\\/viikingitekyla.ee\\\/wp-content\\\/uploads\\\/2018\\\/09\\\/Viikingid-300x140logo1.png\",\"width\":300,\"height\":140,\"caption\":\"Viikingite k\u00fcla\"},\"image\":{\"@id\":\"https:\\\/\\\/viikingitekyla.ee\\\/#\\\/schema\\\/logo\\\/image\\\/\"},\"sameAs\":[\"https:\\\/\\\/www.facebook.com\\\/Viikingitekyla\\\/?fref=ts\",\"https:\\\/\\\/www.instagram.com\\\/viikingitekyla\\\/\",\"https:\\\/\\\/www.youtube.com\\\/results?search_query=viikingite k\u00fcla\"]}]}<\/script>\n<!-- \/ Yoast SEO plugin. -->","yoast_head_json":{"title":"Viking Village In the media","description":"Viking Village in TV, Radio and newspaper- read nad enjoy!","robots":{"index":"index","follow":"follow","max-snippet":"max-snippet:-1","max-image-preview":"max-image-preview:large","max-video-preview":"max-video-preview:-1"},"canonical":"https:\/\/viikingitekyla.ee\/viikingite-kulast-ja-tegemistest\/meedias\/","og_locale":"en_US","og_type":"article","og_title":"Viking Village In the media","og_description":"Viking Village in TV, Radio and newspaper- read nad enjoy!","og_url":"https:\/\/viikingitekyla.ee\/viikingite-kulast-ja-tegemistest\/meedias\/","og_site_name":"Viikingite k\u00fcla","article_publisher":"https:\/\/www.facebook.com\/Viikingitekyla\/?fref=ts","twitter_card":"summary_large_image","twitter_misc":{"Est. reading time":"1 minute"},"schema":{"@context":"https:\/\/schema.org","@graph":[{"@type":"WebPage","@id":"https:\/\/viikingitekyla.ee\/viikingite-kulast-ja-tegemistest\/meedias\/","url":"https:\/\/viikingitekyla.ee\/viikingite-kulast-ja-tegemistest\/meedias\/","name":"Viking Village In the media","isPartOf":{"@id":"https:\/\/viikingitekyla.ee\/#website"},"datePublished":"2018-08-19T20:02:00+00:00","description":"Viking Village in TV, Radio and newspaper- read nad enjoy!","breadcrumb":{"@id":"https:\/\/viikingitekyla.ee\/viikingite-kulast-ja-tegemistest\/meedias\/#breadcrumb"},"inLanguage":"en-US","potentialAction":[{"@type":"ReadAction","target":["https:\/\/viikingitekyla.ee\/viikingite-kulast-ja-tegemistest\/meedias\/"]}]},{"@type":"BreadcrumbList","@id":"https:\/\/viikingitekyla.ee\/viikingite-kulast-ja-tegemistest\/meedias\/#breadcrumb","itemListElement":[{"@type":"ListItem","position":1,"name":"Home","item":"https:\/\/viikingitekyla.ee\/en\/"},{"@type":"ListItem","position":2,"name":"About the Viking Village and our events","item":"https:\/\/viikingitekyla.ee\/viikingite-kulast-ja-tegemistest\/"},{"@type":"ListItem","position":3,"name":"In the media"}]},{"@type":"WebSite","@id":"https:\/\/viikingitekyla.ee\/#website","url":"https:\/\/viikingitekyla.ee\/","name":"Viikingite k\u00fcla","description":"","publisher":{"@id":"https:\/\/viikingitekyla.ee\/#organization"},"potentialAction":[{"@type":"SearchAction","target":{"@type":"EntryPoint","urlTemplate":"https:\/\/viikingitekyla.ee\/?s={search_term_string}"},"query-input":{"@type":"PropertyValueSpecification","valueRequired":true,"valueName":"search_term_string"}}],"inLanguage":"en-US"},{"@type":"Organization","@id":"https:\/\/viikingitekyla.ee\/#organization","name":"Viikingite k\u00fcla","url":"https:\/\/viikingitekyla.ee\/","logo":{"@type":"ImageObject","inLanguage":"en-US","@id":"https:\/\/viikingitekyla.ee\/#\/schema\/logo\/image\/","url":"https:\/\/viikingitekyla.ee\/wp-content\/uploads\/2018\/09\/Viikingid-300x140logo1.png","contentUrl":"https:\/\/viikingitekyla.ee\/wp-content\/uploads\/2018\/09\/Viikingid-300x140logo1.png","width":300,"height":140,"caption":"Viikingite k\u00fcla"},"image":{"@id":"https:\/\/viikingitekyla.ee\/#\/schema\/logo\/image\/"},"sameAs":["https:\/\/www.facebook.com\/Viikingitekyla\/?fref=ts","https:\/\/www.instagram.com\/viikingitekyla\/","https:\/\/www.youtube.com\/results?search_query=viikingite k\u00fcla"]}]}},"_links":{"self":[{"href":"https:\/\/viikingitekyla.ee\/en\/wp-json\/wp\/v2\/pages\/7226","targetHints":{"allow":["GET"]}}],"collection":[{"href":"https:\/\/viikingitekyla.ee\/en\/wp-json\/wp\/v2\/pages"}],"about":[{"href":"https:\/\/viikingitekyla.ee\/en\/wp-json\/wp\/v2\/types\/page"}],"author":[{"embeddable":true,"href":"https:\/\/viikingitekyla.ee\/en\/wp-json\/wp\/v2\/users\/1"}],"replies":[{"embeddable":true,"href":"https:\/\/viikingitekyla.ee\/en\/wp-json\/wp\/v2\/comments?post=7226"}],"version-history":[{"count":0,"href":"https:\/\/viikingitekyla.ee\/en\/wp-json\/wp\/v2\/pages\/7226\/revisions"}],"up":[{"embeddable":true,"href":"https:\/\/viikingitekyla.ee\/en\/wp-json\/wp\/v2\/pages\/7221"}],"wp:attachment":[{"href":"https:\/\/viikingitekyla.ee\/en\/wp-json\/wp\/v2\/media?parent=7226"}],"curies":[{"name":"wp","href":"https:\/\/api.w.org\/{rel}","templated":true}]}}