{"id":11542,"date":"2019-01-25T14:27:39","date_gmt":"2019-01-25T11:27:39","guid":{"rendered":"https:\/\/www.viikingitekyla.ee\/olemme-auttaneet-tai-tukeneet\/"},"modified":"2019-01-25T14:31:42","modified_gmt":"2019-01-25T11:31:42","slug":"olemme-auttaneet-tai-tukeneet","status":"publish","type":"page","link":"https:\/\/viikingitekyla.ee\/fi\/olemme-auttaneet-tai-tukeneet\/","title":{"rendered":"Olemme auttaneet tai tukeneet"},"content":{"rendered":"<div class=\"fusion-fullwidth fullwidth-box fusion-builder-row-1 nonhundred-percent-fullwidth non-hundred-percent-height-scrolling\" style=\"--awb-border-radius-top-left:0px;--awb-border-radius-top-right:0px;--awb-border-radius-bottom-right:0px;--awb-border-radius-bottom-left:0px;--awb-flex-wrap:wrap;\" ><div class=\"fusion-builder-row fusion-row\"><div class=\"fusion-layout-column fusion_builder_column fusion-builder-column-0 fusion_builder_column_1_1 1_1 fusion-one-full fusion-column-first fusion-column-last\" style=\"--awb-bg-size:cover;--awb-margin-bottom:0px;\"><div class=\"fusion-column-wrapper fusion-flex-column-wrapper-legacy\"><div class=\"fusion-text fusion-text-1\"><p style=\"text-align: center;\"><span style=\"font-size: 24pt; font-family: avqest;\"><strong>Viikingit tulevat&#8230; ruokavarastot<\/strong><\/span><\/p>\n<p style=\"text-align: center;\">\n<div class=\"video-shortcode\"><iframe width=\"1778\" height=\"1000\" src=\"https:\/\/www.youtube.com\/embed\/dPrIrt6HUCw?feature=oembed\" frameborder=\"0\" allow=\"accelerometer; autoplay; encrypted-media; gyroscope; picture-in-picture\" allowfullscreen><\/iframe><\/div>\n<\/p>\n<p style=\"text-align: center;\"><span style=\"font-size: 24pt; font-family: avqest;\"><strong>Viikingit tulevat&#8230; Irun linna<\/strong><\/span><\/p>\n<p style=\"text-align: center;\">\n<div class=\"video-shortcode\"><iframe width=\"1778\" height=\"1000\" src=\"https:\/\/www.youtube.com\/embed\/3pMbeWkEoEA?feature=oembed\" frameborder=\"0\" allow=\"accelerometer; autoplay; encrypted-media; gyroscope; picture-in-picture\" allowfullscreen><\/iframe><\/div>\n<\/p>\n<p style=\"text-align: center;\"><span style=\"font-size: 24pt; font-family: avqest;\"><strong>Viikingit tulevat&#8230; rauta<\/strong><\/span><\/p>\n<p style=\"text-align: center;\">\n<div class=\"video-shortcode\"><iframe width=\"1778\" height=\"1000\" src=\"https:\/\/www.youtube.com\/embed\/83YdPnGBIgE?feature=oembed\" frameborder=\"0\" allow=\"accelerometer; autoplay; encrypted-media; gyroscope; picture-in-picture\" allowfullscreen><\/iframe><\/div>\n<\/p>\n<p style=\"text-align: center;\"><span style=\"font-size: 24pt; font-family: avqest;\"><strong>Viikingit tulevat&#8230; Arabia<\/strong><\/span><\/p>\n<p style=\"text-align: center;\">\n<div class=\"video-shortcode\"><iframe width=\"1778\" height=\"1000\" src=\"https:\/\/www.youtube.com\/embed\/8jdm3z9X8HM?feature=oembed\" frameborder=\"0\" allow=\"accelerometer; autoplay; encrypted-media; gyroscope; picture-in-picture\" allowfullscreen><\/iframe><\/div>\n<\/p>\n<p style=\"text-align: center;\"><span style=\"font-size: 24pt; font-family: avqest;\"><strong>Uudenvuodenaatto ETV 2016-2017 Kinoteaterin, Viikinkikyl\u00e4n ja Viron parhaimpien kanssa <\/strong><\/span><\/p>\n<p style=\"text-align: center;\"><iframe style=\"border: none; overflow: hidden;\" src=\"https:\/\/www.facebook.com\/plugins\/video.php?href=https%3A%2F%2Fwww.facebook.com%2Fkinoteater%2Fvideos%2F1421772944514009%2F&amp;show_text=0&amp;width=560\" width=\"560\" height=\"315\" frameborder=\"0\" scrolling=\"no\" allowfullscreen=\"allowfullscreen\"><\/iframe><\/p>\n<p style=\"text-align: center;\"><iframe style=\"border: none; overflow: hidden;\" src=\"https:\/\/www.facebook.com\/plugins\/video.php?href=https%3A%2F%2Fwww.facebook.com%2Fkinoteater%2Fvideos%2F1433377283353575%2F&amp;show_text=0&amp;width=560\" width=\"560\" height=\"315\" frameborder=\"0\" scrolling=\"no\" allowfullscreen=\"allowfullscreen\"><\/iframe><\/p>\n<p style=\"text-align: center;\"><iframe style=\"border: none; overflow: hidden;\" src=\"https:\/\/www.facebook.com\/plugins\/video.php?href=https%3A%2F%2Fwww.facebook.com%2Fkinoteater%2Fvideos%2F1458572054167431%2F&amp;show_text=0&amp;width=560\" width=\"560\" height=\"315\" frameborder=\"0\" scrolling=\"no\" allowfullscreen=\"allowfullscreen\"><\/iframe><\/p>\n<p style=\"text-align: center;\"><span style=\"font-size: 24pt; font-family: avqest;\"><strong>Saarenmaan oopperap\u00e4iv\u00e4t 2016 &#8221;Nurjatu saar&#8221;<\/strong> \u00a0<\/span><\/p>\n<p style=\"text-align: center;\"><iframe src=\"https:\/\/www.youtube.com\/embed\/wcwYu6xX7dA\" width=\"560\" height=\"315\" frameborder=\"0\" allowfullscreen=\"allowfullscreen\"><\/iframe><\/p>\n<p style=\"text-align: center;\"><span style=\"font-size: 24pt; font-family: avqest;\"><strong>NYMF MOESTUUDIO<br \/>\n<\/strong><a href=\"https:\/\/www.facebook.com\/pg\/NYMFmoestuudio\/photos\/?tab=album&amp;album_id=871491442909562\">https:\/\/www.facebook.com\/pg\/NYMFmoestuudio\/photos\/?tab=album&amp;album_id=871491442909562<\/a><\/span><\/p>\n<p style=\"text-align: center;\"><span style=\"font-size: 24pt; font-family: avqest;\"><strong>WHAT A FASHION ja Doominofoto\u00a0<\/strong><\/span><\/p>\n<p style=\"text-align: center;\"><a href=\"http:\/\/www.doominofoto.ee\/blog\/ethnic-\">http:\/\/www.doominofoto.ee\/blog\/ethnic-\u00a0<\/a><\/p>\n<p style=\"text-align: center;\"><a href=\"http:\/\/www.whatafashion.com\/kuulavastus\/ethnic-fashion-2\/\">http:\/\/www.whatafashion.com\/kuulavastus\/ethnic-fashion-2\/<\/a><\/p>\n<p style=\"text-align: center;\"><span style=\"font-size: 24pt; font-family: avqest;\"><strong>ERKI TANGSOO\u00a0 <\/strong><\/span><\/p>\n<p style=\"text-align: center;\"><iframe src=\"https:\/\/www.youtube.com\/embed\/xnq__W7tsCw\" width=\"560\" height=\"315\" frameborder=\"0\" allowfullscreen=\"allowfullscreen\"><\/iframe><\/p>\n<p style=\"text-align: center;\"><span style=\"font-size: 24pt;\"><strong><span style=\"font-family: avqest;\">THE THORSTEIN CHRONICLES MAKING OFF VIDEO 1<\/span><\/strong><\/span><\/p>\n<p style=\"text-align: center;\"><iframe src=\"https:\/\/www.youtube.com\/embed\/Wfd0d4NNuDM\" width=\"560\" height=\"315\" frameborder=\"0\" allowfullscreen=\"allowfullscreen\"><\/iframe><\/p>\n<p style=\"text-align: center;\"><span style=\"font-family: avqest; font-size: 24pt;\">\u00a0Britta Vahur pakenee hirvi\u00f6it\u00e4 uudessa elokuvassa <\/span><br \/>\n<script type=\"text\/javascript\" src=\"\/\/g1.nh.ee\/vfe\/loader.php#id=rrATsWN1\"><\/script><br \/>\n<a href=\"http:\/\/publik.delfi.ee\/news\/paevapilt\/fotod-miks-katavad-britta-vahurit-kotiriie-ja-karusnahad?id=29072179\">http:\/\/publik.delfi.ee\/news\/paevapilt\/fotod-miks-katavad-britta-vahurit-kotiriie-ja-karusnahad?id=29072179<\/a><\/p>\n<\/div><div class=\"fusion-clearfix\"><\/div><\/div><\/div><\/div><\/div>\n","protected":false},"excerpt":{"rendered":"","protected":false},"author":2,"featured_media":0,"parent":0,"menu_order":0,"comment_status":"closed","ping_status":"closed","template":"","meta":{"_acf_changed":false,"footnotes":""},"class_list":["post-11542","page","type-page","status-publish","hentry"],"acf":[],"yoast_head":"<!-- This site is optimized with the Yoast SEO plugin v27.3 - https:\/\/yoast.com\/product\/yoast-seo-wordpress\/ -->\n<title>Viikinkikyl\u00e4 on auttanut ja tukenut erilaisia projekteja.<\/title>\n<meta name=\"description\" content=\"Viikingit ovat luonteeltaan anteliaita. Niin my\u00f6s me Viikinkikyl\u00e4ss\u00e4. Olemme tukeneet ja auttaneet erilaisissa projekteissa - t\u00e4ss\u00e4 muutamia videoita.\" \/>\n<meta name=\"robots\" content=\"index, follow, max-snippet:-1, max-image-preview:large, max-video-preview:-1\" \/>\n<link rel=\"canonical\" href=\"https:\/\/viikingitekyla.ee\/viikingite-kulast-ja-tegemistest\/oleme-abistanud-voi-toetanud\/\" \/>\n<meta property=\"og:locale\" content=\"fi_FI\" \/>\n<meta property=\"og:type\" content=\"article\" \/>\n<meta property=\"og:title\" content=\"Viikinkikyl\u00e4 on auttanut ja tukenut erilaisia projekteja.\" \/>\n<meta property=\"og:description\" content=\"Viikingit ovat luonteeltaan anteliaita. Niin my\u00f6s me Viikinkikyl\u00e4ss\u00e4. Olemme tukeneet ja auttaneet erilaisissa projekteissa - t\u00e4ss\u00e4 muutamia videoita.\" \/>\n<meta property=\"og:url\" content=\"https:\/\/viikingitekyla.ee\/viikingite-kulast-ja-tegemistest\/oleme-abistanud-voi-toetanud\/\" \/>\n<meta property=\"og:site_name\" content=\"Viikingite k&uuml;la\" \/>\n<meta property=\"article:publisher\" content=\"https:\/\/www.facebook.com\/Viikingitekyla\/?fref=ts\" \/>\n<meta property=\"article:modified_time\" content=\"2019-01-25T11:31:42+00:00\" \/>\n<meta name=\"twitter:card\" content=\"summary_large_image\" \/>\n<meta name=\"twitter:label1\" content=\"Arvioitu lukuaika\" \/>\n\t<meta name=\"twitter:data1\" content=\"1 minute\" \/>\n<script type=\"application\/ld+json\" class=\"yoast-schema-graph\">{\"@context\":\"https:\\\/\\\/schema.org\",\"@graph\":[{\"@type\":\"WebPage\",\"@id\":\"https:\\\/\\\/viikingitekyla.ee\\\/viikingite-kulast-ja-tegemistest\\\/oleme-abistanud-voi-toetanud\\\/\",\"url\":\"https:\\\/\\\/viikingitekyla.ee\\\/viikingite-kulast-ja-tegemistest\\\/oleme-abistanud-voi-toetanud\\\/\",\"name\":\"Viikinkikyl\u00e4 on auttanut ja tukenut erilaisia projekteja.\",\"isPartOf\":{\"@id\":\"https:\\\/\\\/viikingitekyla.ee\\\/#website\"},\"datePublished\":\"2019-01-25T11:27:39+00:00\",\"dateModified\":\"2019-01-25T11:31:42+00:00\",\"description\":\"Viikingit ovat luonteeltaan anteliaita. Niin my\u00f6s me Viikinkikyl\u00e4ss\u00e4. Olemme tukeneet ja auttaneet erilaisissa projekteissa - t\u00e4ss\u00e4 muutamia videoita.\",\"breadcrumb\":{\"@id\":\"https:\\\/\\\/viikingitekyla.ee\\\/viikingite-kulast-ja-tegemistest\\\/oleme-abistanud-voi-toetanud\\\/#breadcrumb\"},\"inLanguage\":\"fi\",\"potentialAction\":[{\"@type\":\"ReadAction\",\"target\":[\"https:\\\/\\\/viikingitekyla.ee\\\/viikingite-kulast-ja-tegemistest\\\/oleme-abistanud-voi-toetanud\\\/\"]}]},{\"@type\":\"BreadcrumbList\",\"@id\":\"https:\\\/\\\/viikingitekyla.ee\\\/viikingite-kulast-ja-tegemistest\\\/oleme-abistanud-voi-toetanud\\\/#breadcrumb\",\"itemListElement\":[{\"@type\":\"ListItem\",\"position\":1,\"name\":\"Home\",\"item\":\"https:\\\/\\\/viikingitekyla.ee\\\/fi\\\/\"},{\"@type\":\"ListItem\",\"position\":2,\"name\":\"Olemme auttaneet tai tukeneet\"}]},{\"@type\":\"WebSite\",\"@id\":\"https:\\\/\\\/viikingitekyla.ee\\\/#website\",\"url\":\"https:\\\/\\\/viikingitekyla.ee\\\/\",\"name\":\"Viikingite k&uuml;la\",\"description\":\"\",\"publisher\":{\"@id\":\"https:\\\/\\\/viikingitekyla.ee\\\/#organization\"},\"potentialAction\":[{\"@type\":\"SearchAction\",\"target\":{\"@type\":\"EntryPoint\",\"urlTemplate\":\"https:\\\/\\\/viikingitekyla.ee\\\/?s={search_term_string}\"},\"query-input\":{\"@type\":\"PropertyValueSpecification\",\"valueRequired\":true,\"valueName\":\"search_term_string\"}}],\"inLanguage\":\"fi\"},{\"@type\":\"Organization\",\"@id\":\"https:\\\/\\\/viikingitekyla.ee\\\/#organization\",\"name\":\"Viikingite k\u00fcla\",\"url\":\"https:\\\/\\\/viikingitekyla.ee\\\/\",\"logo\":{\"@type\":\"ImageObject\",\"inLanguage\":\"fi\",\"@id\":\"https:\\\/\\\/viikingitekyla.ee\\\/#\\\/schema\\\/logo\\\/image\\\/\",\"url\":\"https:\\\/\\\/viikingitekyla.ee\\\/wp-content\\\/uploads\\\/2018\\\/09\\\/Viikingid-300x140logo1.png\",\"contentUrl\":\"https:\\\/\\\/viikingitekyla.ee\\\/wp-content\\\/uploads\\\/2018\\\/09\\\/Viikingid-300x140logo1.png\",\"width\":300,\"height\":140,\"caption\":\"Viikingite k\u00fcla\"},\"image\":{\"@id\":\"https:\\\/\\\/viikingitekyla.ee\\\/#\\\/schema\\\/logo\\\/image\\\/\"},\"sameAs\":[\"https:\\\/\\\/www.facebook.com\\\/Viikingitekyla\\\/?fref=ts\",\"https:\\\/\\\/www.instagram.com\\\/viikingitekyla\\\/\",\"https:\\\/\\\/www.youtube.com\\\/results?search_query=viikingite k\u00fcla\"]}]}<\/script>\n<!-- \/ Yoast SEO plugin. -->","yoast_head_json":{"title":"Viikinkikyl\u00e4 on auttanut ja tukenut erilaisia projekteja.","description":"Viikingit ovat luonteeltaan anteliaita. Niin my\u00f6s me Viikinkikyl\u00e4ss\u00e4. Olemme tukeneet ja auttaneet erilaisissa projekteissa - t\u00e4ss\u00e4 muutamia videoita.","robots":{"index":"index","follow":"follow","max-snippet":"max-snippet:-1","max-image-preview":"max-image-preview:large","max-video-preview":"max-video-preview:-1"},"canonical":"https:\/\/viikingitekyla.ee\/viikingite-kulast-ja-tegemistest\/oleme-abistanud-voi-toetanud\/","og_locale":"fi_FI","og_type":"article","og_title":"Viikinkikyl\u00e4 on auttanut ja tukenut erilaisia projekteja.","og_description":"Viikingit ovat luonteeltaan anteliaita. Niin my\u00f6s me Viikinkikyl\u00e4ss\u00e4. Olemme tukeneet ja auttaneet erilaisissa projekteissa - t\u00e4ss\u00e4 muutamia videoita.","og_url":"https:\/\/viikingitekyla.ee\/viikingite-kulast-ja-tegemistest\/oleme-abistanud-voi-toetanud\/","og_site_name":"Viikingite k&uuml;la","article_publisher":"https:\/\/www.facebook.com\/Viikingitekyla\/?fref=ts","article_modified_time":"2019-01-25T11:31:42+00:00","twitter_card":"summary_large_image","twitter_misc":{"Arvioitu lukuaika":"1 minute"},"schema":{"@context":"https:\/\/schema.org","@graph":[{"@type":"WebPage","@id":"https:\/\/viikingitekyla.ee\/viikingite-kulast-ja-tegemistest\/oleme-abistanud-voi-toetanud\/","url":"https:\/\/viikingitekyla.ee\/viikingite-kulast-ja-tegemistest\/oleme-abistanud-voi-toetanud\/","name":"Viikinkikyl\u00e4 on auttanut ja tukenut erilaisia projekteja.","isPartOf":{"@id":"https:\/\/viikingitekyla.ee\/#website"},"datePublished":"2019-01-25T11:27:39+00:00","dateModified":"2019-01-25T11:31:42+00:00","description":"Viikingit ovat luonteeltaan anteliaita. Niin my\u00f6s me Viikinkikyl\u00e4ss\u00e4. Olemme tukeneet ja auttaneet erilaisissa projekteissa - t\u00e4ss\u00e4 muutamia videoita.","breadcrumb":{"@id":"https:\/\/viikingitekyla.ee\/viikingite-kulast-ja-tegemistest\/oleme-abistanud-voi-toetanud\/#breadcrumb"},"inLanguage":"fi","potentialAction":[{"@type":"ReadAction","target":["https:\/\/viikingitekyla.ee\/viikingite-kulast-ja-tegemistest\/oleme-abistanud-voi-toetanud\/"]}]},{"@type":"BreadcrumbList","@id":"https:\/\/viikingitekyla.ee\/viikingite-kulast-ja-tegemistest\/oleme-abistanud-voi-toetanud\/#breadcrumb","itemListElement":[{"@type":"ListItem","position":1,"name":"Home","item":"https:\/\/viikingitekyla.ee\/fi\/"},{"@type":"ListItem","position":2,"name":"Olemme auttaneet tai tukeneet"}]},{"@type":"WebSite","@id":"https:\/\/viikingitekyla.ee\/#website","url":"https:\/\/viikingitekyla.ee\/","name":"Viikingite k&uuml;la","description":"","publisher":{"@id":"https:\/\/viikingitekyla.ee\/#organization"},"potentialAction":[{"@type":"SearchAction","target":{"@type":"EntryPoint","urlTemplate":"https:\/\/viikingitekyla.ee\/?s={search_term_string}"},"query-input":{"@type":"PropertyValueSpecification","valueRequired":true,"valueName":"search_term_string"}}],"inLanguage":"fi"},{"@type":"Organization","@id":"https:\/\/viikingitekyla.ee\/#organization","name":"Viikingite k\u00fcla","url":"https:\/\/viikingitekyla.ee\/","logo":{"@type":"ImageObject","inLanguage":"fi","@id":"https:\/\/viikingitekyla.ee\/#\/schema\/logo\/image\/","url":"https:\/\/viikingitekyla.ee\/wp-content\/uploads\/2018\/09\/Viikingid-300x140logo1.png","contentUrl":"https:\/\/viikingitekyla.ee\/wp-content\/uploads\/2018\/09\/Viikingid-300x140logo1.png","width":300,"height":140,"caption":"Viikingite k\u00fcla"},"image":{"@id":"https:\/\/viikingitekyla.ee\/#\/schema\/logo\/image\/"},"sameAs":["https:\/\/www.facebook.com\/Viikingitekyla\/?fref=ts","https:\/\/www.instagram.com\/viikingitekyla\/","https:\/\/www.youtube.com\/results?search_query=viikingite k\u00fcla"]}]}},"_links":{"self":[{"href":"https:\/\/viikingitekyla.ee\/fi\/wp-json\/wp\/v2\/pages\/11542","targetHints":{"allow":["GET"]}}],"collection":[{"href":"https:\/\/viikingitekyla.ee\/fi\/wp-json\/wp\/v2\/pages"}],"about":[{"href":"https:\/\/viikingitekyla.ee\/fi\/wp-json\/wp\/v2\/types\/page"}],"author":[{"embeddable":true,"href":"https:\/\/viikingitekyla.ee\/fi\/wp-json\/wp\/v2\/users\/2"}],"replies":[{"embeddable":true,"href":"https:\/\/viikingitekyla.ee\/fi\/wp-json\/wp\/v2\/comments?post=11542"}],"version-history":[{"count":3,"href":"https:\/\/viikingitekyla.ee\/fi\/wp-json\/wp\/v2\/pages\/11542\/revisions"}],"predecessor-version":[{"id":11674,"href":"https:\/\/viikingitekyla.ee\/fi\/wp-json\/wp\/v2\/pages\/11542\/revisions\/11674"}],"wp:attachment":[{"href":"https:\/\/viikingitekyla.ee\/fi\/wp-json\/wp\/v2\/media?parent=11542"}],"curies":[{"name":"wp","href":"https:\/\/api.w.org\/{rel}","templated":true}]}}