{"id":11601,"date":"2019-01-25T14:27:57","date_gmt":"2019-01-25T11:27:57","guid":{"rendered":"https:\/\/www.viikingitekyla.ee\/asiakaspalaute\/"},"modified":"2019-01-25T14:30:30","modified_gmt":"2019-01-25T11:30:30","slug":"asiakaspalaute","status":"publish","type":"page","link":"https:\/\/viikingitekyla.ee\/fi\/asiakaspalaute\/","title":{"rendered":"Asiakaspalaute"},"content":{"rendered":"<p style=\"text-align: center;\"><img decoding=\"async\" class=\"lazyload size-full wp-image-6153 aligncenter\" src=\"data:image\/svg+xml,%3Csvg%20xmlns%3D%27http%3A%2F%2Fwww.w3.org%2F2000%2Fsvg%27%20width%3D%2777%27%20height%3D%2778%27%20viewBox%3D%270%200%2077%2078%27%3E%3Crect%20width%3D%2777%27%20height%3D%2778%27%20fill-opacity%3D%220%22%2F%3E%3C%2Fsvg%3E\" data-orig-src=\"https:\/\/viikingitekyla.ee\/wp-content\/uploads\/2017\/10\/letsdoit-logo-faces.svg\" alt=\"\"><\/p>\n<p>\u00a0<\/p>\n<p style=\"text-align: center;\">&#8221;Olemme eritt\u00e4in iloisia, ett\u00e4 valitsimme Viikinkikyl\u00e4n tapahtumamme j\u00e4rjest\u00e4miseen.<br \/>\nSiell\u00e4 on erityist\u00e4 taikaa, niin yleisess\u00e4 k\u00e4yt\u00f6ss\u00e4 olevien tilojen ja makuuhuoneiden yksityiskohdissa kuin my\u00f6s yleisess\u00e4 ilmapiiriss\u00e4.<br \/>\nSe oli uusi ja mielenkiintoinen paikka paikallisille vieraille, mutta tarjosi varmasti unohtumattoman el\u00e4myksen my\u00f6s ulkomaisille vieraillemme.<br \/>\nKaikkien ty\u00f6ntekij\u00f6iden avuliaisuus ja yst\u00e4v\u00e4llisyys teki tapahtuman j\u00e4rjest\u00e4misest\u00e4 ja Viikinkikyl\u00e4ss\u00e4 vietetyst\u00e4 ajasta vieraille todella mukavaa.<br \/>\nKaikki valmistelut sujuivat mukavasti ja nopeasti. Ruoat olivat maukkaita ja annokset aikakaudelle uskollisia \ud83d\ude09<\/p>\n<p style=\"text-align: center;\">Kiitos, kun otitte meid\u00e4t vastaan!\u201d<\/p>\n<p style=\"text-align: center;\"><strong>Kirsike Kukk,\u00a0Office Manager,\u00a0<a href=\"http:\/\/www.letsdoitworld.org\" target=\"_blank\" rel=\"noopener\">Let&#8217;s Do It! World\u00a0<\/a><\/strong><\/p>\n<p>\u00a0<\/p>\n<p>\u00a0<\/p>\n<p>\u00a0<\/p>\n<p>\u00a0<\/p>\n<p>\u00a0<\/p>\n","protected":false},"excerpt":{"rendered":"<p>\u00a0 &#8221;Olemme eritt\u00e4in iloisia, ett\u00e4 valitsimme Viikinkikyl\u00e4n tapahtumamme j\u00e4rjest\u00e4miseen. Siell\u00e4  [&#8230;]<\/p>\n","protected":false},"author":2,"featured_media":0,"parent":0,"menu_order":0,"comment_status":"closed","ping_status":"closed","template":"","meta":{"_acf_changed":false,"footnotes":""},"class_list":["post-11601","page","type-page","status-publish","hentry"],"acf":[],"yoast_head":"<!-- This site is optimized with the Yoast SEO plugin v27.3 - https:\/\/yoast.com\/product\/yoast-seo-wordpress\/ -->\n<title>Asiakaspalaute - Viikingite k&uuml;la<\/title>\n<meta name=\"robots\" content=\"index, follow, max-snippet:-1, max-image-preview:large, max-video-preview:-1\" \/>\n<link rel=\"canonical\" href=\"https:\/\/viikingitekyla.ee\/viikingite-kulast-ja-tegemistest\/klientide-tagasiside\/\" \/>\n<meta property=\"og:locale\" content=\"fi_FI\" \/>\n<meta property=\"og:type\" content=\"article\" \/>\n<meta property=\"og:title\" content=\"Asiakaspalaute - Viikingite k&uuml;la\" \/>\n<meta property=\"og:description\" content=\"\u00a0 &#8221;Olemme eritt\u00e4in iloisia, ett\u00e4 valitsimme Viikinkikyl\u00e4n tapahtumamme j\u00e4rjest\u00e4miseen. Siell\u00e4 [...]\" \/>\n<meta property=\"og:url\" content=\"https:\/\/viikingitekyla.ee\/viikingite-kulast-ja-tegemistest\/klientide-tagasiside\/\" \/>\n<meta property=\"og:site_name\" content=\"Viikingite k&uuml;la\" \/>\n<meta property=\"article:publisher\" content=\"https:\/\/www.facebook.com\/Viikingitekyla\/?fref=ts\" \/>\n<meta property=\"article:modified_time\" content=\"2019-01-25T11:30:30+00:00\" \/>\n<meta property=\"og:image\" content=\"https:\/\/viikingitekyla.ee\/wp-content\/uploads\/2017\/10\/letsdoit-logo-faces.svg\" \/>\n<meta name=\"twitter:card\" content=\"summary_large_image\" \/>\n<script type=\"application\/ld+json\" class=\"yoast-schema-graph\">{\"@context\":\"https:\\\/\\\/schema.org\",\"@graph\":[{\"@type\":\"WebPage\",\"@id\":\"https:\\\/\\\/viikingitekyla.ee\\\/viikingite-kulast-ja-tegemistest\\\/klientide-tagasiside\\\/\",\"url\":\"https:\\\/\\\/viikingitekyla.ee\\\/viikingite-kulast-ja-tegemistest\\\/klientide-tagasiside\\\/\",\"name\":\"Asiakaspalaute - Viikingite k&uuml;la\",\"isPartOf\":{\"@id\":\"https:\\\/\\\/viikingitekyla.ee\\\/#website\"},\"primaryImageOfPage\":{\"@id\":\"https:\\\/\\\/viikingitekyla.ee\\\/viikingite-kulast-ja-tegemistest\\\/klientide-tagasiside\\\/#primaryimage\"},\"image\":{\"@id\":\"https:\\\/\\\/viikingitekyla.ee\\\/viikingite-kulast-ja-tegemistest\\\/klientide-tagasiside\\\/#primaryimage\"},\"thumbnailUrl\":\"https:\\\/\\\/viikingitekyla.ee\\\/wp-content\\\/uploads\\\/2017\\\/10\\\/letsdoit-logo-faces.svg\",\"datePublished\":\"2019-01-25T11:27:57+00:00\",\"dateModified\":\"2019-01-25T11:30:30+00:00\",\"breadcrumb\":{\"@id\":\"https:\\\/\\\/viikingitekyla.ee\\\/viikingite-kulast-ja-tegemistest\\\/klientide-tagasiside\\\/#breadcrumb\"},\"inLanguage\":\"fi\",\"potentialAction\":[{\"@type\":\"ReadAction\",\"target\":[\"https:\\\/\\\/viikingitekyla.ee\\\/viikingite-kulast-ja-tegemistest\\\/klientide-tagasiside\\\/\"]}]},{\"@type\":\"ImageObject\",\"inLanguage\":\"fi\",\"@id\":\"https:\\\/\\\/viikingitekyla.ee\\\/viikingite-kulast-ja-tegemistest\\\/klientide-tagasiside\\\/#primaryimage\",\"url\":\"https:\\\/\\\/viikingitekyla.ee\\\/wp-content\\\/uploads\\\/2017\\\/10\\\/letsdoit-logo-faces.svg\",\"contentUrl\":\"https:\\\/\\\/viikingitekyla.ee\\\/wp-content\\\/uploads\\\/2017\\\/10\\\/letsdoit-logo-faces.svg\"},{\"@type\":\"BreadcrumbList\",\"@id\":\"https:\\\/\\\/viikingitekyla.ee\\\/viikingite-kulast-ja-tegemistest\\\/klientide-tagasiside\\\/#breadcrumb\",\"itemListElement\":[{\"@type\":\"ListItem\",\"position\":1,\"name\":\"Home\",\"item\":\"https:\\\/\\\/viikingitekyla.ee\\\/fi\\\/\"},{\"@type\":\"ListItem\",\"position\":2,\"name\":\"Asiakaspalaute\"}]},{\"@type\":\"WebSite\",\"@id\":\"https:\\\/\\\/viikingitekyla.ee\\\/#website\",\"url\":\"https:\\\/\\\/viikingitekyla.ee\\\/\",\"name\":\"Viikingite k&uuml;la\",\"description\":\"\",\"publisher\":{\"@id\":\"https:\\\/\\\/viikingitekyla.ee\\\/#organization\"},\"potentialAction\":[{\"@type\":\"SearchAction\",\"target\":{\"@type\":\"EntryPoint\",\"urlTemplate\":\"https:\\\/\\\/viikingitekyla.ee\\\/?s={search_term_string}\"},\"query-input\":{\"@type\":\"PropertyValueSpecification\",\"valueRequired\":true,\"valueName\":\"search_term_string\"}}],\"inLanguage\":\"fi\"},{\"@type\":\"Organization\",\"@id\":\"https:\\\/\\\/viikingitekyla.ee\\\/#organization\",\"name\":\"Viikingite k\u00fcla\",\"url\":\"https:\\\/\\\/viikingitekyla.ee\\\/\",\"logo\":{\"@type\":\"ImageObject\",\"inLanguage\":\"fi\",\"@id\":\"https:\\\/\\\/viikingitekyla.ee\\\/#\\\/schema\\\/logo\\\/image\\\/\",\"url\":\"https:\\\/\\\/viikingitekyla.ee\\\/wp-content\\\/uploads\\\/2018\\\/09\\\/Viikingid-300x140logo1.png\",\"contentUrl\":\"https:\\\/\\\/viikingitekyla.ee\\\/wp-content\\\/uploads\\\/2018\\\/09\\\/Viikingid-300x140logo1.png\",\"width\":300,\"height\":140,\"caption\":\"Viikingite k\u00fcla\"},\"image\":{\"@id\":\"https:\\\/\\\/viikingitekyla.ee\\\/#\\\/schema\\\/logo\\\/image\\\/\"},\"sameAs\":[\"https:\\\/\\\/www.facebook.com\\\/Viikingitekyla\\\/?fref=ts\",\"https:\\\/\\\/www.instagram.com\\\/viikingitekyla\\\/\",\"https:\\\/\\\/www.youtube.com\\\/results?search_query=viikingite k\u00fcla\"]}]}<\/script>\n<!-- \/ Yoast SEO plugin. -->","yoast_head_json":{"title":"Asiakaspalaute - Viikingite k&uuml;la","robots":{"index":"index","follow":"follow","max-snippet":"max-snippet:-1","max-image-preview":"max-image-preview:large","max-video-preview":"max-video-preview:-1"},"canonical":"https:\/\/viikingitekyla.ee\/viikingite-kulast-ja-tegemistest\/klientide-tagasiside\/","og_locale":"fi_FI","og_type":"article","og_title":"Asiakaspalaute - Viikingite k&uuml;la","og_description":"\u00a0 &#8221;Olemme eritt\u00e4in iloisia, ett\u00e4 valitsimme Viikinkikyl\u00e4n tapahtumamme j\u00e4rjest\u00e4miseen. Siell\u00e4 [...]","og_url":"https:\/\/viikingitekyla.ee\/viikingite-kulast-ja-tegemistest\/klientide-tagasiside\/","og_site_name":"Viikingite k&uuml;la","article_publisher":"https:\/\/www.facebook.com\/Viikingitekyla\/?fref=ts","article_modified_time":"2019-01-25T11:30:30+00:00","og_image":[{"url":"https:\/\/viikingitekyla.ee\/wp-content\/uploads\/2017\/10\/letsdoit-logo-faces.svg","type":"","width":"","height":""}],"twitter_card":"summary_large_image","schema":{"@context":"https:\/\/schema.org","@graph":[{"@type":"WebPage","@id":"https:\/\/viikingitekyla.ee\/viikingite-kulast-ja-tegemistest\/klientide-tagasiside\/","url":"https:\/\/viikingitekyla.ee\/viikingite-kulast-ja-tegemistest\/klientide-tagasiside\/","name":"Asiakaspalaute - Viikingite k&uuml;la","isPartOf":{"@id":"https:\/\/viikingitekyla.ee\/#website"},"primaryImageOfPage":{"@id":"https:\/\/viikingitekyla.ee\/viikingite-kulast-ja-tegemistest\/klientide-tagasiside\/#primaryimage"},"image":{"@id":"https:\/\/viikingitekyla.ee\/viikingite-kulast-ja-tegemistest\/klientide-tagasiside\/#primaryimage"},"thumbnailUrl":"https:\/\/viikingitekyla.ee\/wp-content\/uploads\/2017\/10\/letsdoit-logo-faces.svg","datePublished":"2019-01-25T11:27:57+00:00","dateModified":"2019-01-25T11:30:30+00:00","breadcrumb":{"@id":"https:\/\/viikingitekyla.ee\/viikingite-kulast-ja-tegemistest\/klientide-tagasiside\/#breadcrumb"},"inLanguage":"fi","potentialAction":[{"@type":"ReadAction","target":["https:\/\/viikingitekyla.ee\/viikingite-kulast-ja-tegemistest\/klientide-tagasiside\/"]}]},{"@type":"ImageObject","inLanguage":"fi","@id":"https:\/\/viikingitekyla.ee\/viikingite-kulast-ja-tegemistest\/klientide-tagasiside\/#primaryimage","url":"https:\/\/viikingitekyla.ee\/wp-content\/uploads\/2017\/10\/letsdoit-logo-faces.svg","contentUrl":"https:\/\/viikingitekyla.ee\/wp-content\/uploads\/2017\/10\/letsdoit-logo-faces.svg"},{"@type":"BreadcrumbList","@id":"https:\/\/viikingitekyla.ee\/viikingite-kulast-ja-tegemistest\/klientide-tagasiside\/#breadcrumb","itemListElement":[{"@type":"ListItem","position":1,"name":"Home","item":"https:\/\/viikingitekyla.ee\/fi\/"},{"@type":"ListItem","position":2,"name":"Asiakaspalaute"}]},{"@type":"WebSite","@id":"https:\/\/viikingitekyla.ee\/#website","url":"https:\/\/viikingitekyla.ee\/","name":"Viikingite k&uuml;la","description":"","publisher":{"@id":"https:\/\/viikingitekyla.ee\/#organization"},"potentialAction":[{"@type":"SearchAction","target":{"@type":"EntryPoint","urlTemplate":"https:\/\/viikingitekyla.ee\/?s={search_term_string}"},"query-input":{"@type":"PropertyValueSpecification","valueRequired":true,"valueName":"search_term_string"}}],"inLanguage":"fi"},{"@type":"Organization","@id":"https:\/\/viikingitekyla.ee\/#organization","name":"Viikingite k\u00fcla","url":"https:\/\/viikingitekyla.ee\/","logo":{"@type":"ImageObject","inLanguage":"fi","@id":"https:\/\/viikingitekyla.ee\/#\/schema\/logo\/image\/","url":"https:\/\/viikingitekyla.ee\/wp-content\/uploads\/2018\/09\/Viikingid-300x140logo1.png","contentUrl":"https:\/\/viikingitekyla.ee\/wp-content\/uploads\/2018\/09\/Viikingid-300x140logo1.png","width":300,"height":140,"caption":"Viikingite k\u00fcla"},"image":{"@id":"https:\/\/viikingitekyla.ee\/#\/schema\/logo\/image\/"},"sameAs":["https:\/\/www.facebook.com\/Viikingitekyla\/?fref=ts","https:\/\/www.instagram.com\/viikingitekyla\/","https:\/\/www.youtube.com\/results?search_query=viikingite k\u00fcla"]}]}},"_links":{"self":[{"href":"https:\/\/viikingitekyla.ee\/fi\/wp-json\/wp\/v2\/pages\/11601","targetHints":{"allow":["GET"]}}],"collection":[{"href":"https:\/\/viikingitekyla.ee\/fi\/wp-json\/wp\/v2\/pages"}],"about":[{"href":"https:\/\/viikingitekyla.ee\/fi\/wp-json\/wp\/v2\/types\/page"}],"author":[{"embeddable":true,"href":"https:\/\/viikingitekyla.ee\/fi\/wp-json\/wp\/v2\/users\/2"}],"replies":[{"embeddable":true,"href":"https:\/\/viikingitekyla.ee\/fi\/wp-json\/wp\/v2\/comments?post=11601"}],"version-history":[{"count":1,"href":"https:\/\/viikingitekyla.ee\/fi\/wp-json\/wp\/v2\/pages\/11601\/revisions"}],"predecessor-version":[{"id":11684,"href":"https:\/\/viikingitekyla.ee\/fi\/wp-json\/wp\/v2\/pages\/11601\/revisions\/11684"}],"wp:attachment":[{"href":"https:\/\/viikingitekyla.ee\/fi\/wp-json\/wp\/v2\/media?parent=11601"}],"curies":[{"name":"wp","href":"https:\/\/api.w.org\/{rel}","templated":true}]}}