{"id":12128,"date":"2019-01-25T14:35:11","date_gmt":"2019-01-25T11:35:11","guid":{"rendered":"https:\/\/www.viikingitekyla.ee\/galleria\/"},"modified":"2019-01-25T14:35:11","modified_gmt":"2019-01-25T11:35:11","slug":"galleria","status":"publish","type":"page","link":"https:\/\/viikingitekyla.ee\/fi\/galleria\/","title":{"rendered":"Galleria"},"content":{"rendered":"<p>[ngg_images source=&#8221;albums&#8221; container_ids=&#8221;2&#8243; display_type=&#8221;photocrati-nextgen_basic_compact_album&#8221; gallery_display_type=&#8221;photocrati-nextgen_basic_slideshow&#8221; galleries_per_page=&#8221;0&#8243; enable_breadcrumbs=&#8221;1&#8243; enable_descriptions=&#8221;0&#8243; override_thumbnail_settings=&#8221;1&#8243; thumbnail_width=&#8221;158&#8243; thumbnail_height=&#8221;176&#8243; thumbnail_crop=&#8221;1&#8243; order_by=&#8221;sortorder&#8221; order_direction=&#8221;ASC&#8221; returns=&#8221;included&#8221; maximum_entity_count=&#8221;500&#8243;]<\/p>\n","protected":false},"excerpt":{"rendered":"<p>[ngg_images source=&#8221;albums&#8221; container_ids=&#8221;2&#8243; display_type=&#8221;photocrati-nextgen_basic_compact_album&#8221; gallery_display_type=&#8221;photocrati-nextgen_basic_slideshow&#8221; galleries_per_page=&#8221;0&#8243; enable_breadcrumbs=&#8221;1&#8243; enable_descriptions=&#8221;0&#8243; override_thumbnail_settings=&#8221;1&#8243; thumbnail_width=&#8221;158&#8243;  [&#8230;]<\/p>\n","protected":false},"author":2,"featured_media":0,"parent":0,"menu_order":0,"comment_status":"closed","ping_status":"closed","template":"","meta":{"_acf_changed":false,"footnotes":""},"class_list":["post-12128","page","type-page","status-publish","hentry"],"acf":[],"yoast_head":"<!-- This site is optimized with the Yoast SEO plugin v27.3 - https:\/\/yoast.com\/product\/yoast-seo-wordpress\/ -->\n<title>Viikinkikyl\u00e4 - kuvat ja galleria.<\/title>\n<meta name=\"description\" content=\"T\u00e4lt\u00e4 sivulta l\u00f6yd\u00e4t kuvia Viikinkikyl\u00e4st\u00e4. Katso hauskoja kuvia toiminnastamme.\" \/>\n<meta name=\"robots\" content=\"index, follow, max-snippet:-1, max-image-preview:large, max-video-preview:-1\" \/>\n<link rel=\"canonical\" href=\"https:\/\/viikingitekyla.ee\/galerii\/\" \/>\n<meta property=\"og:locale\" content=\"fi_FI\" \/>\n<meta property=\"og:type\" content=\"article\" \/>\n<meta property=\"og:title\" content=\"Viikinkikyl\u00e4 - kuvat ja galleria.\" \/>\n<meta property=\"og:description\" content=\"T\u00e4lt\u00e4 sivulta l\u00f6yd\u00e4t kuvia Viikinkikyl\u00e4st\u00e4. Katso hauskoja kuvia toiminnastamme.\" \/>\n<meta property=\"og:url\" content=\"https:\/\/viikingitekyla.ee\/galerii\/\" \/>\n<meta property=\"og:site_name\" content=\"Viikingite k&uuml;la\" \/>\n<meta property=\"article:publisher\" content=\"https:\/\/www.facebook.com\/Viikingitekyla\/?fref=ts\" \/>\n<meta name=\"twitter:card\" content=\"summary_large_image\" \/>\n<script type=\"application\/ld+json\" class=\"yoast-schema-graph\">{\"@context\":\"https:\\\/\\\/schema.org\",\"@graph\":[{\"@type\":\"WebPage\",\"@id\":\"https:\\\/\\\/viikingitekyla.ee\\\/galerii\\\/\",\"url\":\"https:\\\/\\\/viikingitekyla.ee\\\/galerii\\\/\",\"name\":\"Viikinkikyl\u00e4 - kuvat ja galleria.\",\"isPartOf\":{\"@id\":\"https:\\\/\\\/viikingitekyla.ee\\\/#website\"},\"datePublished\":\"2019-01-25T11:35:11+00:00\",\"description\":\"T\u00e4lt\u00e4 sivulta l\u00f6yd\u00e4t kuvia Viikinkikyl\u00e4st\u00e4. Katso hauskoja kuvia toiminnastamme.\",\"breadcrumb\":{\"@id\":\"https:\\\/\\\/viikingitekyla.ee\\\/galerii\\\/#breadcrumb\"},\"inLanguage\":\"fi\",\"potentialAction\":[{\"@type\":\"ReadAction\",\"target\":[\"https:\\\/\\\/viikingitekyla.ee\\\/galerii\\\/\"]}]},{\"@type\":\"BreadcrumbList\",\"@id\":\"https:\\\/\\\/viikingitekyla.ee\\\/galerii\\\/#breadcrumb\",\"itemListElement\":[{\"@type\":\"ListItem\",\"position\":1,\"name\":\"Home\",\"item\":\"https:\\\/\\\/viikingitekyla.ee\\\/fi\\\/\"},{\"@type\":\"ListItem\",\"position\":2,\"name\":\"Galleria\"}]},{\"@type\":\"WebSite\",\"@id\":\"https:\\\/\\\/viikingitekyla.ee\\\/#website\",\"url\":\"https:\\\/\\\/viikingitekyla.ee\\\/\",\"name\":\"Viikingite k&uuml;la\",\"description\":\"\",\"publisher\":{\"@id\":\"https:\\\/\\\/viikingitekyla.ee\\\/#organization\"},\"potentialAction\":[{\"@type\":\"SearchAction\",\"target\":{\"@type\":\"EntryPoint\",\"urlTemplate\":\"https:\\\/\\\/viikingitekyla.ee\\\/?s={search_term_string}\"},\"query-input\":{\"@type\":\"PropertyValueSpecification\",\"valueRequired\":true,\"valueName\":\"search_term_string\"}}],\"inLanguage\":\"fi\"},{\"@type\":\"Organization\",\"@id\":\"https:\\\/\\\/viikingitekyla.ee\\\/#organization\",\"name\":\"Viikingite k\u00fcla\",\"url\":\"https:\\\/\\\/viikingitekyla.ee\\\/\",\"logo\":{\"@type\":\"ImageObject\",\"inLanguage\":\"fi\",\"@id\":\"https:\\\/\\\/viikingitekyla.ee\\\/#\\\/schema\\\/logo\\\/image\\\/\",\"url\":\"https:\\\/\\\/viikingitekyla.ee\\\/wp-content\\\/uploads\\\/2018\\\/09\\\/Viikingid-300x140logo1.png\",\"contentUrl\":\"https:\\\/\\\/viikingitekyla.ee\\\/wp-content\\\/uploads\\\/2018\\\/09\\\/Viikingid-300x140logo1.png\",\"width\":300,\"height\":140,\"caption\":\"Viikingite k\u00fcla\"},\"image\":{\"@id\":\"https:\\\/\\\/viikingitekyla.ee\\\/#\\\/schema\\\/logo\\\/image\\\/\"},\"sameAs\":[\"https:\\\/\\\/www.facebook.com\\\/Viikingitekyla\\\/?fref=ts\",\"https:\\\/\\\/www.instagram.com\\\/viikingitekyla\\\/\",\"https:\\\/\\\/www.youtube.com\\\/results?search_query=viikingite k\u00fcla\"]}]}<\/script>\n<!-- \/ Yoast SEO plugin. -->","yoast_head_json":{"title":"Viikinkikyl\u00e4 - kuvat ja galleria.","description":"T\u00e4lt\u00e4 sivulta l\u00f6yd\u00e4t kuvia Viikinkikyl\u00e4st\u00e4. Katso hauskoja kuvia toiminnastamme.","robots":{"index":"index","follow":"follow","max-snippet":"max-snippet:-1","max-image-preview":"max-image-preview:large","max-video-preview":"max-video-preview:-1"},"canonical":"https:\/\/viikingitekyla.ee\/galerii\/","og_locale":"fi_FI","og_type":"article","og_title":"Viikinkikyl\u00e4 - kuvat ja galleria.","og_description":"T\u00e4lt\u00e4 sivulta l\u00f6yd\u00e4t kuvia Viikinkikyl\u00e4st\u00e4. Katso hauskoja kuvia toiminnastamme.","og_url":"https:\/\/viikingitekyla.ee\/galerii\/","og_site_name":"Viikingite k&uuml;la","article_publisher":"https:\/\/www.facebook.com\/Viikingitekyla\/?fref=ts","twitter_card":"summary_large_image","schema":{"@context":"https:\/\/schema.org","@graph":[{"@type":"WebPage","@id":"https:\/\/viikingitekyla.ee\/galerii\/","url":"https:\/\/viikingitekyla.ee\/galerii\/","name":"Viikinkikyl\u00e4 - kuvat ja galleria.","isPartOf":{"@id":"https:\/\/viikingitekyla.ee\/#website"},"datePublished":"2019-01-25T11:35:11+00:00","description":"T\u00e4lt\u00e4 sivulta l\u00f6yd\u00e4t kuvia Viikinkikyl\u00e4st\u00e4. Katso hauskoja kuvia toiminnastamme.","breadcrumb":{"@id":"https:\/\/viikingitekyla.ee\/galerii\/#breadcrumb"},"inLanguage":"fi","potentialAction":[{"@type":"ReadAction","target":["https:\/\/viikingitekyla.ee\/galerii\/"]}]},{"@type":"BreadcrumbList","@id":"https:\/\/viikingitekyla.ee\/galerii\/#breadcrumb","itemListElement":[{"@type":"ListItem","position":1,"name":"Home","item":"https:\/\/viikingitekyla.ee\/fi\/"},{"@type":"ListItem","position":2,"name":"Galleria"}]},{"@type":"WebSite","@id":"https:\/\/viikingitekyla.ee\/#website","url":"https:\/\/viikingitekyla.ee\/","name":"Viikingite k&uuml;la","description":"","publisher":{"@id":"https:\/\/viikingitekyla.ee\/#organization"},"potentialAction":[{"@type":"SearchAction","target":{"@type":"EntryPoint","urlTemplate":"https:\/\/viikingitekyla.ee\/?s={search_term_string}"},"query-input":{"@type":"PropertyValueSpecification","valueRequired":true,"valueName":"search_term_string"}}],"inLanguage":"fi"},{"@type":"Organization","@id":"https:\/\/viikingitekyla.ee\/#organization","name":"Viikingite k\u00fcla","url":"https:\/\/viikingitekyla.ee\/","logo":{"@type":"ImageObject","inLanguage":"fi","@id":"https:\/\/viikingitekyla.ee\/#\/schema\/logo\/image\/","url":"https:\/\/viikingitekyla.ee\/wp-content\/uploads\/2018\/09\/Viikingid-300x140logo1.png","contentUrl":"https:\/\/viikingitekyla.ee\/wp-content\/uploads\/2018\/09\/Viikingid-300x140logo1.png","width":300,"height":140,"caption":"Viikingite k\u00fcla"},"image":{"@id":"https:\/\/viikingitekyla.ee\/#\/schema\/logo\/image\/"},"sameAs":["https:\/\/www.facebook.com\/Viikingitekyla\/?fref=ts","https:\/\/www.instagram.com\/viikingitekyla\/","https:\/\/www.youtube.com\/results?search_query=viikingite k\u00fcla"]}]}},"_links":{"self":[{"href":"https:\/\/viikingitekyla.ee\/fi\/wp-json\/wp\/v2\/pages\/12128","targetHints":{"allow":["GET"]}}],"collection":[{"href":"https:\/\/viikingitekyla.ee\/fi\/wp-json\/wp\/v2\/pages"}],"about":[{"href":"https:\/\/viikingitekyla.ee\/fi\/wp-json\/wp\/v2\/types\/page"}],"author":[{"embeddable":true,"href":"https:\/\/viikingitekyla.ee\/fi\/wp-json\/wp\/v2\/users\/2"}],"replies":[{"embeddable":true,"href":"https:\/\/viikingitekyla.ee\/fi\/wp-json\/wp\/v2\/comments?post=12128"}],"version-history":[{"count":0,"href":"https:\/\/viikingitekyla.ee\/fi\/wp-json\/wp\/v2\/pages\/12128\/revisions"}],"wp:attachment":[{"href":"https:\/\/viikingitekyla.ee\/fi\/wp-json\/wp\/v2\/media?parent=12128"}],"curies":[{"name":"wp","href":"https:\/\/api.w.org\/{rel}","templated":true}]}}