{"id":12182,"date":"2019-01-25T14:35:29","date_gmt":"2019-01-25T11:35:29","guid":{"rendered":"https:\/\/www.viikingitekyla.ee\/viitteet-ja-mielenkiintoista-materiaalia\/"},"modified":"2019-01-25T14:36:38","modified_gmt":"2019-01-25T11:36:38","slug":"viitteet-ja-mielenkiintoista-materiaalia","status":"publish","type":"page","link":"https:\/\/viikingitekyla.ee\/fi\/viitteet-ja-mielenkiintoista-materiaalia\/","title":{"rendered":"Viitteet ja mielenkiintoista materiaalia"},"content":{"rendered":"<div class=\"fusion-fullwidth fullwidth-box fusion-builder-row-1 nonhundred-percent-fullwidth non-hundred-percent-height-scrolling\" style=\"--awb-border-radius-top-left:0px;--awb-border-radius-top-right:0px;--awb-border-radius-bottom-right:0px;--awb-border-radius-bottom-left:0px;--awb-flex-wrap:wrap;\" ><div class=\"fusion-builder-row fusion-row\"><div class=\"fusion-layout-column fusion_builder_column fusion-builder-column-0 fusion_builder_column_1_1 1_1 fusion-one-full fusion-column-first fusion-column-last\" style=\"--awb-bg-size:cover;--awb-margin-bottom:0px;\"><div class=\"fusion-column-wrapper fusion-flex-column-wrapper-legacy\"><div class=\"fusion-text fusion-text-1\"><p><strong>Raivo J. Raave: Eesti rahva enesem\u00e4\u00e4ramise m\u00fc\u00fcdid (Myyttej\u00e4 Viron kansan itsem\u00e4\u00e4r\u00e4\u00e4misoikeudesta)<br \/>\n<\/strong> <a href=\"http:\/\/www.delfi.ee\/archive\/raivo-j-raave-eesti-rahva-enesemaaramise-muudid?id=49766917\">http:\/\/www.delfi.ee\/archive\/raivo-j-raave-eesti-rahva-enesemaaramise-muudid?id=49766917\u00a0<\/a><\/p>\n<p>\u00a0<\/p>\n<p><strong>Pierre Blime ihastelee sinisi\u00e4 l\u00e4hteit\u00e4<br \/>\n<\/strong><a href=\"http:\/\/www.pohjarannik.ee\/modules.php?name=News&amp;file=article&amp;sid=3564\">http:\/\/www.pohjarannik.ee\/modules.php?name=News&amp;file=article&amp;sid=3564<\/a><\/p>\n<p>\u00a0<\/p>\n<p><strong>300 vuotta Viron yhdist\u00e4misest\u00e4 Ven\u00e4j\u00e4\u00e4n<br \/>\n<\/strong><a href=\"http:\/\/ekspress.delfi.ee\/kuum\/300-aastat-venemaa-uhendamisest-eestiga?id=33700681\">http:\/\/ekspress.delfi.ee\/kuum\/300-aastat-venemaa-uhendamisest-eestiga?id=33700681<\/a><\/p>\n<p>\u00a0<\/p>\n<p><strong>RIIMUT <\/strong>\u00a0<br \/>\n<a href=\"http:\/\/et.wikipedia.org\/wiki\/Ruunid\">http:\/\/et.wikipedia.org\/wiki\/Ruu\u00adnid<\/a><\/p>\n<p>\u00a0<\/p>\n<p><strong>Viikingit suunnistivat pilvisell\u00e4 s\u00e4\u00e4ll\u00e4 \u201daurinkokivien avulla\u201d<\/strong><br \/>\n<a href=\"http:\/\/forte.delfi.ee\/news\/teadus\/viikingid-orienteerusid-pilves-ilmaga-paikesekivide-abil.d?id=39537295\">http:\/\/forte.delfi.ee\/news\/teadus\/viikingid-orienteerusid-pilves-ilmaga-paikesekivide-abil.d?id=39537295<\/a><\/p>\n<p data-parents=\"Eesti\">\u00a0<\/p>\n<p class=\"article__title\" data-parents=\"Eesti\"><strong>Ulkovirolainen mies esittelee virolaisia viikinkej\u00e4<br \/>\n<a href=\"http:\/\/epl.delfi.ee\/news\/eesti\/valiseesti-mees-tutvustab-eesti-viikingeid?id=50758248\">http:\/\/epl.delfi.ee\/news\/eesti\/valiseesti-mees-tutvustab-eesti-viikingeid?id=50758248<\/a> \u00a0<br \/>\n<\/strong><\/p>\n<p data-parents=\"Eesti\">\u00a0<\/p>\n<p data-parents=\"Eesti\"><strong>Muinaisten arjalaisten asutukset Ven\u00e4j\u00e4n arolla ovat t\u00e4ynn\u00e4 hakaristej\u00e4 <\/strong><br \/>\n<a href=\"http:\/\/forte.delfi.ee\/news\/teadus\/muistsete-aarialaste-asulad-venemaa-stepis-kubisevad-haakristidest?id=33628801\">http:\/\/forte.delfi.ee\/news\/teadus\/muistsete-aarialaste-asulad-venemaa-stepis-kubisevad-haakristidest?id=33628801<\/a><\/p>\n<p>\u00a0<\/p>\n<p><strong>Keit\u00e4 me olemme, virolaiset?<\/strong><br \/>\n<a href=\"http:\/\/solnichkas.blogspot.com.ee\/2009\/05\/kes-me-oleme-eestlased.html\">http:\/\/solnichkas.blogspot.com.ee\/2009\/05\/kes-me-oleme-eestlased.html<\/a><\/p>\n<p>\u00a0<\/p>\n<p><span lang=\"EN-GB\"><strong>Virolaiset, viikingit ja It\u00e4tie (800-1000-luvulla)<\/strong><br \/>\n<\/span><a href=\"http:\/\/muinasaeg.blogspot.com.ee\/p\/viikingiaeg.html\"><span lang=\"EN-GB\">http:\/\/muinasaeg.blogspot.com.ee\/p\/viikingiaeg.html\u00a0<\/span><\/a><\/p>\n<\/div><div class=\"fusion-clearfix\"><\/div><\/div><\/div><\/div><\/div>\n","protected":false},"excerpt":{"rendered":"","protected":false},"author":2,"featured_media":0,"parent":0,"menu_order":0,"comment_status":"closed","ping_status":"closed","template":"","meta":{"_acf_changed":false,"footnotes":""},"class_list":["post-12182","page","type-page","status-publish","hentry"],"acf":[],"yoast_head":"<!-- This site is optimized with the Yoast SEO plugin v27.4 - https:\/\/yoast.com\/product\/yoast-seo-wordpress\/ -->\n<title>Viikinkikyl\u00e4 \u2013 linkkej\u00e4 ja kiinnostavaa materiaalia viikingeist\u00e4.<\/title>\n<meta name=\"description\" content=\"T\u00e4lt\u00e4 sivulta l\u00f6yd\u00e4t mielenkiintoisia luettavaa viikingeist\u00e4. Linkkej\u00e4 ja viitteit\u00e4 eri teksteihin, jotka k\u00e4sittelev\u00e4t viikinkien el\u00e4m\u00e4\u00e4 ja historiaa.\" \/>\n<meta name=\"robots\" content=\"index, follow, max-snippet:-1, max-image-preview:large, max-video-preview:-1\" \/>\n<link rel=\"canonical\" href=\"https:\/\/viikingitekyla.ee\/fi\/viitteet-ja-mielenkiintoista-materiaalia\/\" \/>\n<meta property=\"og:locale\" content=\"fi_FI\" \/>\n<meta property=\"og:type\" content=\"article\" \/>\n<meta property=\"og:title\" content=\"Viikinkikyl\u00e4 \u2013 linkkej\u00e4 ja kiinnostavaa materiaalia viikingeist\u00e4.\" \/>\n<meta property=\"og:description\" content=\"T\u00e4lt\u00e4 sivulta l\u00f6yd\u00e4t mielenkiintoisia luettavaa viikingeist\u00e4. Linkkej\u00e4 ja viitteit\u00e4 eri teksteihin, jotka k\u00e4sittelev\u00e4t viikinkien el\u00e4m\u00e4\u00e4 ja historiaa.\" \/>\n<meta property=\"og:url\" content=\"https:\/\/viikingitekyla.ee\/fi\/viitteet-ja-mielenkiintoista-materiaalia\/\" \/>\n<meta property=\"og:site_name\" content=\"Viikingite k&uuml;la\" \/>\n<meta property=\"article:publisher\" content=\"https:\/\/www.facebook.com\/Viikingitekyla\/?fref=ts\" \/>\n<meta property=\"article:modified_time\" content=\"2019-01-25T11:36:38+00:00\" \/>\n<meta name=\"twitter:card\" content=\"summary_large_image\" \/>\n<meta name=\"twitter:label1\" content=\"Arvioitu lukuaika\" \/>\n\t<meta name=\"twitter:data1\" content=\"2 minutes\" \/>\n<script type=\"application\/ld+json\" class=\"yoast-schema-graph\">{\"@context\":\"https:\\\/\\\/schema.org\",\"@graph\":[{\"@type\":\"WebPage\",\"@id\":\"https:\\\/\\\/viikingitekyla.ee\\\/fi\\\/viitteet-ja-mielenkiintoista-materiaalia\\\/\",\"url\":\"https:\\\/\\\/viikingitekyla.ee\\\/fi\\\/viitteet-ja-mielenkiintoista-materiaalia\\\/\",\"name\":\"Viikinkikyl\u00e4 \u2013 linkkej\u00e4 ja kiinnostavaa materiaalia viikingeist\u00e4.\",\"isPartOf\":{\"@id\":\"https:\\\/\\\/viikingitekyla.ee\\\/#website\"},\"datePublished\":\"2019-01-25T11:35:29+00:00\",\"dateModified\":\"2019-01-25T11:36:38+00:00\",\"description\":\"T\u00e4lt\u00e4 sivulta l\u00f6yd\u00e4t mielenkiintoisia luettavaa viikingeist\u00e4. Linkkej\u00e4 ja viitteit\u00e4 eri teksteihin, jotka k\u00e4sittelev\u00e4t viikinkien el\u00e4m\u00e4\u00e4 ja historiaa.\",\"breadcrumb\":{\"@id\":\"https:\\\/\\\/viikingitekyla.ee\\\/fi\\\/viitteet-ja-mielenkiintoista-materiaalia\\\/#breadcrumb\"},\"inLanguage\":\"fi\",\"potentialAction\":[{\"@type\":\"ReadAction\",\"target\":[\"https:\\\/\\\/viikingitekyla.ee\\\/fi\\\/viitteet-ja-mielenkiintoista-materiaalia\\\/\"]}]},{\"@type\":\"BreadcrumbList\",\"@id\":\"https:\\\/\\\/viikingitekyla.ee\\\/fi\\\/viitteet-ja-mielenkiintoista-materiaalia\\\/#breadcrumb\",\"itemListElement\":[{\"@type\":\"ListItem\",\"position\":1,\"name\":\"Home\",\"item\":\"https:\\\/\\\/viikingitekyla.ee\\\/fi\\\/\"},{\"@type\":\"ListItem\",\"position\":2,\"name\":\"Viitteet ja mielenkiintoista materiaalia\"}]},{\"@type\":\"WebSite\",\"@id\":\"https:\\\/\\\/viikingitekyla.ee\\\/#website\",\"url\":\"https:\\\/\\\/viikingitekyla.ee\\\/\",\"name\":\"Viikingite k&uuml;la\",\"description\":\"\",\"publisher\":{\"@id\":\"https:\\\/\\\/viikingitekyla.ee\\\/#organization\"},\"potentialAction\":[{\"@type\":\"SearchAction\",\"target\":{\"@type\":\"EntryPoint\",\"urlTemplate\":\"https:\\\/\\\/viikingitekyla.ee\\\/?s={search_term_string}\"},\"query-input\":{\"@type\":\"PropertyValueSpecification\",\"valueRequired\":true,\"valueName\":\"search_term_string\"}}],\"inLanguage\":\"fi\"},{\"@type\":\"Organization\",\"@id\":\"https:\\\/\\\/viikingitekyla.ee\\\/#organization\",\"name\":\"Viikingite k\u00fcla\",\"url\":\"https:\\\/\\\/viikingitekyla.ee\\\/\",\"logo\":{\"@type\":\"ImageObject\",\"inLanguage\":\"fi\",\"@id\":\"https:\\\/\\\/viikingitekyla.ee\\\/#\\\/schema\\\/logo\\\/image\\\/\",\"url\":\"https:\\\/\\\/viikingitekyla.ee\\\/wp-content\\\/uploads\\\/2018\\\/09\\\/Viikingid-300x140logo1.png\",\"contentUrl\":\"https:\\\/\\\/viikingitekyla.ee\\\/wp-content\\\/uploads\\\/2018\\\/09\\\/Viikingid-300x140logo1.png\",\"width\":300,\"height\":140,\"caption\":\"Viikingite k\u00fcla\"},\"image\":{\"@id\":\"https:\\\/\\\/viikingitekyla.ee\\\/#\\\/schema\\\/logo\\\/image\\\/\"},\"sameAs\":[\"https:\\\/\\\/www.facebook.com\\\/Viikingitekyla\\\/?fref=ts\",\"https:\\\/\\\/www.instagram.com\\\/viikingitekyla\\\/\",\"https:\\\/\\\/www.youtube.com\\\/results?search_query=viikingite k\u00fcla\"]}]}<\/script>\n<!-- \/ Yoast SEO plugin. -->","yoast_head_json":{"title":"Viikinkikyl\u00e4 \u2013 linkkej\u00e4 ja kiinnostavaa materiaalia viikingeist\u00e4.","description":"T\u00e4lt\u00e4 sivulta l\u00f6yd\u00e4t mielenkiintoisia luettavaa viikingeist\u00e4. Linkkej\u00e4 ja viitteit\u00e4 eri teksteihin, jotka k\u00e4sittelev\u00e4t viikinkien el\u00e4m\u00e4\u00e4 ja historiaa.","robots":{"index":"index","follow":"follow","max-snippet":"max-snippet:-1","max-image-preview":"max-image-preview:large","max-video-preview":"max-video-preview:-1"},"canonical":"https:\/\/viikingitekyla.ee\/fi\/viitteet-ja-mielenkiintoista-materiaalia\/","og_locale":"fi_FI","og_type":"article","og_title":"Viikinkikyl\u00e4 \u2013 linkkej\u00e4 ja kiinnostavaa materiaalia viikingeist\u00e4.","og_description":"T\u00e4lt\u00e4 sivulta l\u00f6yd\u00e4t mielenkiintoisia luettavaa viikingeist\u00e4. Linkkej\u00e4 ja viitteit\u00e4 eri teksteihin, jotka k\u00e4sittelev\u00e4t viikinkien el\u00e4m\u00e4\u00e4 ja historiaa.","og_url":"https:\/\/viikingitekyla.ee\/fi\/viitteet-ja-mielenkiintoista-materiaalia\/","og_site_name":"Viikingite k&uuml;la","article_publisher":"https:\/\/www.facebook.com\/Viikingitekyla\/?fref=ts","article_modified_time":"2019-01-25T11:36:38+00:00","twitter_card":"summary_large_image","twitter_misc":{"Arvioitu lukuaika":"2 minutes"},"schema":{"@context":"https:\/\/schema.org","@graph":[{"@type":"WebPage","@id":"https:\/\/viikingitekyla.ee\/fi\/viitteet-ja-mielenkiintoista-materiaalia\/","url":"https:\/\/viikingitekyla.ee\/fi\/viitteet-ja-mielenkiintoista-materiaalia\/","name":"Viikinkikyl\u00e4 \u2013 linkkej\u00e4 ja kiinnostavaa materiaalia viikingeist\u00e4.","isPartOf":{"@id":"https:\/\/viikingitekyla.ee\/#website"},"datePublished":"2019-01-25T11:35:29+00:00","dateModified":"2019-01-25T11:36:38+00:00","description":"T\u00e4lt\u00e4 sivulta l\u00f6yd\u00e4t mielenkiintoisia luettavaa viikingeist\u00e4. Linkkej\u00e4 ja viitteit\u00e4 eri teksteihin, jotka k\u00e4sittelev\u00e4t viikinkien el\u00e4m\u00e4\u00e4 ja historiaa.","breadcrumb":{"@id":"https:\/\/viikingitekyla.ee\/fi\/viitteet-ja-mielenkiintoista-materiaalia\/#breadcrumb"},"inLanguage":"fi","potentialAction":[{"@type":"ReadAction","target":["https:\/\/viikingitekyla.ee\/fi\/viitteet-ja-mielenkiintoista-materiaalia\/"]}]},{"@type":"BreadcrumbList","@id":"https:\/\/viikingitekyla.ee\/fi\/viitteet-ja-mielenkiintoista-materiaalia\/#breadcrumb","itemListElement":[{"@type":"ListItem","position":1,"name":"Home","item":"https:\/\/viikingitekyla.ee\/fi\/"},{"@type":"ListItem","position":2,"name":"Viitteet ja mielenkiintoista materiaalia"}]},{"@type":"WebSite","@id":"https:\/\/viikingitekyla.ee\/#website","url":"https:\/\/viikingitekyla.ee\/","name":"Viikingite k&uuml;la","description":"","publisher":{"@id":"https:\/\/viikingitekyla.ee\/#organization"},"potentialAction":[{"@type":"SearchAction","target":{"@type":"EntryPoint","urlTemplate":"https:\/\/viikingitekyla.ee\/?s={search_term_string}"},"query-input":{"@type":"PropertyValueSpecification","valueRequired":true,"valueName":"search_term_string"}}],"inLanguage":"fi"},{"@type":"Organization","@id":"https:\/\/viikingitekyla.ee\/#organization","name":"Viikingite k\u00fcla","url":"https:\/\/viikingitekyla.ee\/","logo":{"@type":"ImageObject","inLanguage":"fi","@id":"https:\/\/viikingitekyla.ee\/#\/schema\/logo\/image\/","url":"https:\/\/viikingitekyla.ee\/wp-content\/uploads\/2018\/09\/Viikingid-300x140logo1.png","contentUrl":"https:\/\/viikingitekyla.ee\/wp-content\/uploads\/2018\/09\/Viikingid-300x140logo1.png","width":300,"height":140,"caption":"Viikingite k\u00fcla"},"image":{"@id":"https:\/\/viikingitekyla.ee\/#\/schema\/logo\/image\/"},"sameAs":["https:\/\/www.facebook.com\/Viikingitekyla\/?fref=ts","https:\/\/www.instagram.com\/viikingitekyla\/","https:\/\/www.youtube.com\/results?search_query=viikingite k\u00fcla"]}]}},"_links":{"self":[{"href":"https:\/\/viikingitekyla.ee\/fi\/wp-json\/wp\/v2\/pages\/12182","targetHints":{"allow":["GET"]}}],"collection":[{"href":"https:\/\/viikingitekyla.ee\/fi\/wp-json\/wp\/v2\/pages"}],"about":[{"href":"https:\/\/viikingitekyla.ee\/fi\/wp-json\/wp\/v2\/types\/page"}],"author":[{"embeddable":true,"href":"https:\/\/viikingitekyla.ee\/fi\/wp-json\/wp\/v2\/users\/2"}],"replies":[{"embeddable":true,"href":"https:\/\/viikingitekyla.ee\/fi\/wp-json\/wp\/v2\/comments?post=12182"}],"version-history":[{"count":1,"href":"https:\/\/viikingitekyla.ee\/fi\/wp-json\/wp\/v2\/pages\/12182\/revisions"}],"predecessor-version":[{"id":12183,"href":"https:\/\/viikingitekyla.ee\/fi\/wp-json\/wp\/v2\/pages\/12182\/revisions\/12183"}],"wp:attachment":[{"href":"https:\/\/viikingitekyla.ee\/fi\/wp-json\/wp\/v2\/media?parent=12182"}],"curies":[{"name":"wp","href":"https:\/\/api.w.org\/{rel}","templated":true}]}}