{"id":12214,"date":"2019-01-25T14:35:42","date_gmt":"2019-01-25T11:35:42","guid":{"rendered":"https:\/\/www.viikingitekyla.ee\/viikinkien-kylakartta\/"},"modified":"2019-01-25T14:35:42","modified_gmt":"2019-01-25T11:35:42","slug":"viikinkien-kylakartta","status":"publish","type":"page","link":"https:\/\/viikingitekyla.ee\/fi\/viikinkien-kylakartta\/","title":{"rendered":"Viikinkien kyl\u00e4kartta"},"content":{"rendered":"<p><img class=\"lazyload\" decoding=\"async\" src=\"data:image\/svg+xml,%3Csvg%20xmlns%3D%27http%3A%2F%2Fwww.w3.org%2F2000%2Fsvg%27%20width%3D%27900%27%20height%3D%27475%27%20viewBox%3D%270%200%20900%20475%27%3E%3Crect%20width%3D%27900%27%20height%3D%27475%27%20fill-opacity%3D%220%22%2F%3E%3C%2Fsvg%3E\" data-orig-src=\"https:\/\/viikingitekyla.ee\/wp-content\/uploads\/2016\/12\/Vikingi_uus_kaart.jpg\" alt=\"\" usemap=\"#Map\"><\/p>\n<map id=\"Map\" name=\"Map\">\n<area title=\"P\u00e4\u00e4rakennus\" alt=\"\" coords=\"792,421,781,402,802,394,810,411,811,426,796,436,784,421,778,412\" shape=\"poly\" href=\"https:\/\/viikingitekyla.ee\/fi\/\">\n<area title=\"\" alt=\"\" coords=\"658,381,655,409,706,415,704,379\" shape=\"poly\" href=\"http:\/\/www.google.com\">\n<area title=\"\" alt=\"\" coords=\"784,571,793,630,886,631,892,553\" shape=\"poly\" href=\"https:\/\/viikingitekyla.ee\/linnuselahind-2\/\"> [&#8230;]<br \/>\n<\/map>\n","protected":false},"excerpt":{"rendered":"<p>[&#8230;]<\/p>\n","protected":false},"author":2,"featured_media":0,"parent":0,"menu_order":0,"comment_status":"closed","ping_status":"closed","template":"primarypost.php","meta":{"_acf_changed":false,"footnotes":""},"class_list":["post-12214","page","type-page","status-publish","hentry"],"acf":[],"yoast_head":"<!-- This site is optimized with the Yoast SEO plugin v27.5 - https:\/\/yoast.com\/product\/yoast-seo-wordpress\/ -->\n<title>Viikinkikyl\u00e4 \u2013 kartta.<\/title>\n<meta name=\"description\" content=\"T\u00e4lt\u00e4 sivulta l\u00f6yd\u00e4t Viikinkikyl\u00e4n kartan. Katso itse, millaisia taloja kyl\u00e4ss\u00e4mme on.\" \/>\n<meta name=\"robots\" content=\"index, follow, max-snippet:-1, max-image-preview:large, max-video-preview:-1\" \/>\n<link rel=\"canonical\" href=\"https:\/\/viikingitekyla.ee\/kontakt-2\/viikingite-kulakaart\/\" \/>\n<meta property=\"og:locale\" content=\"fi_FI\" \/>\n<meta property=\"og:type\" content=\"article\" \/>\n<meta property=\"og:title\" content=\"Viikinkikyl\u00e4 \u2013 kartta.\" \/>\n<meta property=\"og:description\" content=\"T\u00e4lt\u00e4 sivulta l\u00f6yd\u00e4t Viikinkikyl\u00e4n kartan. Katso itse, millaisia taloja kyl\u00e4ss\u00e4mme on.\" \/>\n<meta property=\"og:url\" content=\"https:\/\/viikingitekyla.ee\/kontakt-2\/viikingite-kulakaart\/\" \/>\n<meta property=\"og:site_name\" content=\"Viikingite k&uuml;la\" \/>\n<meta property=\"article:publisher\" content=\"https:\/\/www.facebook.com\/Viikingitekyla\/?fref=ts\" \/>\n<meta property=\"og:image\" content=\"https:\/\/viikingitekyla.ee\/wp-content\/uploads\/2016\/12\/Vikingi_uus_kaart.jpg\" \/>\n<meta name=\"twitter:card\" content=\"summary_large_image\" \/>\n<script type=\"application\/ld+json\" class=\"yoast-schema-graph\">{\"@context\":\"https:\\\/\\\/schema.org\",\"@graph\":[{\"@type\":\"WebPage\",\"@id\":\"https:\\\/\\\/viikingitekyla.ee\\\/kontakt-2\\\/viikingite-kulakaart\\\/\",\"url\":\"https:\\\/\\\/viikingitekyla.ee\\\/kontakt-2\\\/viikingite-kulakaart\\\/\",\"name\":\"Viikinkikyl\u00e4 \u2013 kartta.\",\"isPartOf\":{\"@id\":\"https:\\\/\\\/viikingitekyla.ee\\\/#website\"},\"primaryImageOfPage\":{\"@id\":\"https:\\\/\\\/viikingitekyla.ee\\\/kontakt-2\\\/viikingite-kulakaart\\\/#primaryimage\"},\"image\":{\"@id\":\"https:\\\/\\\/viikingitekyla.ee\\\/kontakt-2\\\/viikingite-kulakaart\\\/#primaryimage\"},\"thumbnailUrl\":\"https:\\\/\\\/viikingitekyla.ee\\\/wp-content\\\/uploads\\\/2016\\\/12\\\/Vikingi_uus_kaart.jpg\",\"datePublished\":\"2019-01-25T11:35:42+00:00\",\"description\":\"T\u00e4lt\u00e4 sivulta l\u00f6yd\u00e4t Viikinkikyl\u00e4n kartan. Katso itse, millaisia taloja kyl\u00e4ss\u00e4mme on.\",\"breadcrumb\":{\"@id\":\"https:\\\/\\\/viikingitekyla.ee\\\/kontakt-2\\\/viikingite-kulakaart\\\/#breadcrumb\"},\"inLanguage\":\"fi\",\"potentialAction\":[{\"@type\":\"ReadAction\",\"target\":[\"https:\\\/\\\/viikingitekyla.ee\\\/kontakt-2\\\/viikingite-kulakaart\\\/\"]}]},{\"@type\":\"ImageObject\",\"inLanguage\":\"fi\",\"@id\":\"https:\\\/\\\/viikingitekyla.ee\\\/kontakt-2\\\/viikingite-kulakaart\\\/#primaryimage\",\"url\":\"https:\\\/\\\/viikingitekyla.ee\\\/wp-content\\\/uploads\\\/2016\\\/12\\\/Vikingi_uus_kaart.jpg\",\"contentUrl\":\"https:\\\/\\\/viikingitekyla.ee\\\/wp-content\\\/uploads\\\/2016\\\/12\\\/Vikingi_uus_kaart.jpg\"},{\"@type\":\"BreadcrumbList\",\"@id\":\"https:\\\/\\\/viikingitekyla.ee\\\/kontakt-2\\\/viikingite-kulakaart\\\/#breadcrumb\",\"itemListElement\":[{\"@type\":\"ListItem\",\"position\":1,\"name\":\"Home\",\"item\":\"https:\\\/\\\/viikingitekyla.ee\\\/fi\\\/\"},{\"@type\":\"ListItem\",\"position\":2,\"name\":\"Viikinkien kyl\u00e4kartta\"}]},{\"@type\":\"WebSite\",\"@id\":\"https:\\\/\\\/viikingitekyla.ee\\\/#website\",\"url\":\"https:\\\/\\\/viikingitekyla.ee\\\/\",\"name\":\"Viikingite k&uuml;la\",\"description\":\"\",\"publisher\":{\"@id\":\"https:\\\/\\\/viikingitekyla.ee\\\/#organization\"},\"potentialAction\":[{\"@type\":\"SearchAction\",\"target\":{\"@type\":\"EntryPoint\",\"urlTemplate\":\"https:\\\/\\\/viikingitekyla.ee\\\/?s={search_term_string}\"},\"query-input\":{\"@type\":\"PropertyValueSpecification\",\"valueRequired\":true,\"valueName\":\"search_term_string\"}}],\"inLanguage\":\"fi\"},{\"@type\":\"Organization\",\"@id\":\"https:\\\/\\\/viikingitekyla.ee\\\/#organization\",\"name\":\"Viikingite k\u00fcla\",\"url\":\"https:\\\/\\\/viikingitekyla.ee\\\/\",\"logo\":{\"@type\":\"ImageObject\",\"inLanguage\":\"fi\",\"@id\":\"https:\\\/\\\/viikingitekyla.ee\\\/#\\\/schema\\\/logo\\\/image\\\/\",\"url\":\"https:\\\/\\\/viikingitekyla.ee\\\/wp-content\\\/uploads\\\/2018\\\/09\\\/Viikingid-300x140logo1.png\",\"contentUrl\":\"https:\\\/\\\/viikingitekyla.ee\\\/wp-content\\\/uploads\\\/2018\\\/09\\\/Viikingid-300x140logo1.png\",\"width\":300,\"height\":140,\"caption\":\"Viikingite k\u00fcla\"},\"image\":{\"@id\":\"https:\\\/\\\/viikingitekyla.ee\\\/#\\\/schema\\\/logo\\\/image\\\/\"},\"sameAs\":[\"https:\\\/\\\/www.facebook.com\\\/Viikingitekyla\\\/?fref=ts\",\"https:\\\/\\\/www.instagram.com\\\/viikingitekyla\\\/\",\"https:\\\/\\\/www.youtube.com\\\/results?search_query=viikingite k\u00fcla\"]}]}<\/script>\n<!-- \/ Yoast SEO plugin. -->","yoast_head_json":{"title":"Viikinkikyl\u00e4 \u2013 kartta.","description":"T\u00e4lt\u00e4 sivulta l\u00f6yd\u00e4t Viikinkikyl\u00e4n kartan. Katso itse, millaisia taloja kyl\u00e4ss\u00e4mme on.","robots":{"index":"index","follow":"follow","max-snippet":"max-snippet:-1","max-image-preview":"max-image-preview:large","max-video-preview":"max-video-preview:-1"},"canonical":"https:\/\/viikingitekyla.ee\/kontakt-2\/viikingite-kulakaart\/","og_locale":"fi_FI","og_type":"article","og_title":"Viikinkikyl\u00e4 \u2013 kartta.","og_description":"T\u00e4lt\u00e4 sivulta l\u00f6yd\u00e4t Viikinkikyl\u00e4n kartan. Katso itse, millaisia taloja kyl\u00e4ss\u00e4mme on.","og_url":"https:\/\/viikingitekyla.ee\/kontakt-2\/viikingite-kulakaart\/","og_site_name":"Viikingite k&uuml;la","article_publisher":"https:\/\/www.facebook.com\/Viikingitekyla\/?fref=ts","og_image":[{"url":"https:\/\/viikingitekyla.ee\/wp-content\/uploads\/2016\/12\/Vikingi_uus_kaart.jpg","type":"","width":"","height":""}],"twitter_card":"summary_large_image","schema":{"@context":"https:\/\/schema.org","@graph":[{"@type":"WebPage","@id":"https:\/\/viikingitekyla.ee\/kontakt-2\/viikingite-kulakaart\/","url":"https:\/\/viikingitekyla.ee\/kontakt-2\/viikingite-kulakaart\/","name":"Viikinkikyl\u00e4 \u2013 kartta.","isPartOf":{"@id":"https:\/\/viikingitekyla.ee\/#website"},"primaryImageOfPage":{"@id":"https:\/\/viikingitekyla.ee\/kontakt-2\/viikingite-kulakaart\/#primaryimage"},"image":{"@id":"https:\/\/viikingitekyla.ee\/kontakt-2\/viikingite-kulakaart\/#primaryimage"},"thumbnailUrl":"https:\/\/viikingitekyla.ee\/wp-content\/uploads\/2016\/12\/Vikingi_uus_kaart.jpg","datePublished":"2019-01-25T11:35:42+00:00","description":"T\u00e4lt\u00e4 sivulta l\u00f6yd\u00e4t Viikinkikyl\u00e4n kartan. Katso itse, millaisia taloja kyl\u00e4ss\u00e4mme on.","breadcrumb":{"@id":"https:\/\/viikingitekyla.ee\/kontakt-2\/viikingite-kulakaart\/#breadcrumb"},"inLanguage":"fi","potentialAction":[{"@type":"ReadAction","target":["https:\/\/viikingitekyla.ee\/kontakt-2\/viikingite-kulakaart\/"]}]},{"@type":"ImageObject","inLanguage":"fi","@id":"https:\/\/viikingitekyla.ee\/kontakt-2\/viikingite-kulakaart\/#primaryimage","url":"https:\/\/viikingitekyla.ee\/wp-content\/uploads\/2016\/12\/Vikingi_uus_kaart.jpg","contentUrl":"https:\/\/viikingitekyla.ee\/wp-content\/uploads\/2016\/12\/Vikingi_uus_kaart.jpg"},{"@type":"BreadcrumbList","@id":"https:\/\/viikingitekyla.ee\/kontakt-2\/viikingite-kulakaart\/#breadcrumb","itemListElement":[{"@type":"ListItem","position":1,"name":"Home","item":"https:\/\/viikingitekyla.ee\/fi\/"},{"@type":"ListItem","position":2,"name":"Viikinkien kyl\u00e4kartta"}]},{"@type":"WebSite","@id":"https:\/\/viikingitekyla.ee\/#website","url":"https:\/\/viikingitekyla.ee\/","name":"Viikingite k&uuml;la","description":"","publisher":{"@id":"https:\/\/viikingitekyla.ee\/#organization"},"potentialAction":[{"@type":"SearchAction","target":{"@type":"EntryPoint","urlTemplate":"https:\/\/viikingitekyla.ee\/?s={search_term_string}"},"query-input":{"@type":"PropertyValueSpecification","valueRequired":true,"valueName":"search_term_string"}}],"inLanguage":"fi"},{"@type":"Organization","@id":"https:\/\/viikingitekyla.ee\/#organization","name":"Viikingite k\u00fcla","url":"https:\/\/viikingitekyla.ee\/","logo":{"@type":"ImageObject","inLanguage":"fi","@id":"https:\/\/viikingitekyla.ee\/#\/schema\/logo\/image\/","url":"https:\/\/viikingitekyla.ee\/wp-content\/uploads\/2018\/09\/Viikingid-300x140logo1.png","contentUrl":"https:\/\/viikingitekyla.ee\/wp-content\/uploads\/2018\/09\/Viikingid-300x140logo1.png","width":300,"height":140,"caption":"Viikingite k\u00fcla"},"image":{"@id":"https:\/\/viikingitekyla.ee\/#\/schema\/logo\/image\/"},"sameAs":["https:\/\/www.facebook.com\/Viikingitekyla\/?fref=ts","https:\/\/www.instagram.com\/viikingitekyla\/","https:\/\/www.youtube.com\/results?search_query=viikingite k\u00fcla"]}]}},"_links":{"self":[{"href":"https:\/\/viikingitekyla.ee\/fi\/wp-json\/wp\/v2\/pages\/12214","targetHints":{"allow":["GET"]}}],"collection":[{"href":"https:\/\/viikingitekyla.ee\/fi\/wp-json\/wp\/v2\/pages"}],"about":[{"href":"https:\/\/viikingitekyla.ee\/fi\/wp-json\/wp\/v2\/types\/page"}],"author":[{"embeddable":true,"href":"https:\/\/viikingitekyla.ee\/fi\/wp-json\/wp\/v2\/users\/2"}],"replies":[{"embeddable":true,"href":"https:\/\/viikingitekyla.ee\/fi\/wp-json\/wp\/v2\/comments?post=12214"}],"version-history":[{"count":0,"href":"https:\/\/viikingitekyla.ee\/fi\/wp-json\/wp\/v2\/pages\/12214\/revisions"}],"wp:attachment":[{"href":"https:\/\/viikingitekyla.ee\/fi\/wp-json\/wp\/v2\/media?parent=12214"}],"curies":[{"name":"wp","href":"https:\/\/api.w.org\/{rel}","templated":true}]}}