{"id":12683,"date":"2019-01-25T15:13:59","date_gmt":"2019-01-25T12:13:59","guid":{"rendered":"https:\/\/www.viikingitekyla.ee\/yhteydet\/"},"modified":"2025-12-01T12:14:23","modified_gmt":"2025-12-01T09:14:23","slug":"yhteydet","status":"publish","type":"page","link":"https:\/\/viikingitekyla.ee\/fi\/yhteydet\/","title":{"rendered":"Yhteydet"},"content":{"rendered":"<div class=\"fusion-fullwidth fullwidth-box fusion-builder-row-1 hundred-percent-fullwidth non-hundred-percent-height-scrolling\" style=\"--awb-border-radius-top-left:0px;--awb-border-radius-top-right:0px;--awb-border-radius-bottom-right:0px;--awb-border-radius-bottom-left:0px;--awb-padding-top:25px;--awb-flex-wrap:wrap;\" ><div class=\"fusion-builder-row fusion-row\"><div class=\"fusion-layout-column fusion_builder_column fusion-builder-column-0 fusion_builder_column_1_2 1_2 fusion-one-half fusion-column-first\" style=\"--awb-bg-blend:overlay;--awb-bg-size:cover;width:50%;width:calc(50% - ( ( 4% ) * 0.5 ) );margin-right: 4%;\"><div class=\"fusion-column-wrapper fusion-flex-column-wrapper-legacy\"><div class=\"fusion-text fusion-text-1\"><p style=\"text-align: center;\"><strong>OSOITE:<\/strong><\/p>\n<p style=\"text-align: center;\">Saula kyl\u00e4ss\u00e4, Kose seurakunta, 75117 Harju, Viro<\/p>\n<\/div><div class=\"fusion-clearfix\"><\/div><\/div><\/div><div class=\"fusion-layout-column fusion_builder_column fusion-builder-column-1 fusion_builder_column_1_2 1_2 fusion-one-half fusion-column-last\" style=\"--awb-bg-blend:overlay;--awb-bg-size:cover;width:50%;width:calc(50% - ( ( 4% ) * 0.5 ) );\"><div class=\"fusion-column-wrapper fusion-flex-column-wrapper-legacy\"><div class=\"fusion-text fusion-text-2\"><p style=\"text-align: center;\"><strong>OTA YHTEYTT\u00c4:<\/strong><\/p>\n<p style=\"text-align: center;\">Varaa p\u00f6yt\u00e4:<a href=\"tel:+37255510775\">(+372) 55 510 775<\/a><\/p>\n<p style=\"text-align: center;\">Ryhmille info:\u00a0 \u00a0<a href=\"tel:+37256642528\">(+372) 56 642 528 (EST, ENG)<\/a><\/p>\n<p style=\"text-align: center;\">E-mail:<a href=\"mailto: info@viikingitekyla.ee\">info@viikingitekyla.ee<\/a><\/p>\n<h3 class=\"p1\" style=\"text-align: center;\">T\u00e4rke\u00e4 tiedote!<\/h3>\n<p class=\"p1\" style=\"text-align: center;\">3G-verkon sulkemisen vuoksi emme usein ole tavoitettavissa tavallisilla puheluilla.<\/p>\n<p class=\"p1\" style=\"text-align: center;\">Kiireiss\u00e4 kysymyksiss\u00e4 tai p\u00f6yt\u00e4varauksissa pyyd\u00e4mme soittamaan <span style=\"text-decoration: underline;\"><strong>WhatsAppin kautta numeroon <a href=\"https:\/\/wa.me\/37255510775\" target=\"_blank\" rel=\"noopener\"><br \/>\n<i class=\"fab fa-whatsapp\" style=\"color: #660000; margin-right: 6px;\"><\/i>(+372) 55 510 775<br \/>\n<\/a>.<\/strong><\/span><\/p>\n<\/div><div class=\"fusion-clearfix\"><\/div><\/div><\/div><div class=\"fusion-layout-column fusion_builder_column fusion-builder-column-2 fusion_builder_column_1_2 1_2 fusion-one-half fusion-column-first\" style=\"--awb-bg-blend:overlay;--awb-bg-size:cover;width:50%;width:calc(50% - ( ( 4% ) * 0.5 ) );margin-right: 4%;\"><div class=\"fusion-column-wrapper fusion-flex-column-wrapper-legacy\"><div class=\"fusion-text fusion-text-3\"><p style=\"text-align: center;\"><strong>ALOITTAMINEN:<\/strong><\/p>\n<p class=\"p1\" style=\"text-align: center;\">1.syyskuuta \u2013 30. huhtikuuta: Ma-To 12-21, Pe 12-22, La 11-22, Su 11-21<\/p>\n<p class=\"p1\" style=\"text-align: center;\">1.toukokuuta \u2013 31. elokuuta: avoinna joka p\u00e4iv\u00e4 klo 11\u201322<\/p>\n<p class=\"p2\" style=\"text-align: center;\">Viikinkikyl\u00e4n lippuhinta 0,5 \u20ac sis\u00e4ltyy ostokseesi<\/p>\n<p class=\"p1\" style=\"text-align: center;\"><span style=\"color: #ff0000;\"><strong>Joulun aukioloajat<\/strong><\/span><\/p>\n<p class=\"p1\" style=\"text-align: center;\">24., 25. ja 31. joulukuuta sek\u00e4 1. tammikuuta olemme avoinna klo 12.00\u201318.00.<\/p>\n<\/div><div class=\"fusion-clearfix\"><\/div><\/div><\/div><div class=\"fusion-layout-column fusion_builder_column fusion-builder-column-3 fusion_builder_column_1_2 1_2 fusion-one-half fusion-column-last\" style=\"--awb-bg-blend:overlay;--awb-bg-size:cover;width:50%;width:calc(50% - ( ( 4% ) * 0.5 ) );\"><div class=\"fusion-column-wrapper fusion-flex-column-wrapper-legacy\"><div class=\"fusion-text fusion-text-4\"><p style=\"text-align: center;\"><strong>SIJAINTI:<\/strong><\/p>\n<p style=\"text-align: center;\">Vain 15 minuutin p\u00e4\u00e4ss\u00e4 Tallinnasta!<\/p>\n<p style=\"text-align: center;\">Meill\u00e4 p\u00e4\u00e4see taksilla noin Tallinnassa\u00a0 16-20 \u20ac<\/p>\n<p style=\"text-align: center;\">Bussilla (pys\u00e4htyy viikinkikyl\u00e4n edess\u00e4) nro 138, 139; Reitti nro 229<br \/>\nLopeta nimi SAULA<\/p>\n<\/div><div class=\"fusion-clearfix\"><\/div><\/div><\/div><div class=\"fusion-layout-column fusion_builder_column fusion-builder-column-4 fusion_builder_column_1_6 1_6 fusion-one-sixth fusion-column-first\" style=\"--awb-bg-blend:overlay;--awb-bg-size:cover;width:16.666666666667%;width:calc(16.666666666667% - ( ( 4% + 4% ) * 0.16666666666667 ) );margin-right: 4%;\"><div class=\"fusion-column-wrapper fusion-flex-column-wrapper-legacy\"><div class=\"fusion-clearfix\"><\/div><\/div><\/div><div class=\"fusion-layout-column fusion_builder_column fusion-builder-column-5 fusion_builder_column_2_3 2_3 fusion-two-third\" style=\"--awb-bg-blend:overlay;--awb-bg-size:cover;--awb-margin-bottom:0px;width:66.666666666667%;width:calc(66.666666666667% - ( ( 4% + 4% ) * 0.66666666666667 ) );margin-right: 4%;\"><div class=\"fusion-column-wrapper fusion-flex-column-wrapper-legacy\"><div class=\"fusion-column-content-centered\"><div class=\"fusion-column-content\"><div class=\"fusion-text fusion-text-5\"><div style=\"text-align: center;\"><iframe style=\"border: 0;\" src=\"https:\/\/www.google.com\/maps\/embed?pb=!1m18!1m12!1m3!1d260275.64493266758!2d24.580995140171762!3d59.359604797182456!2m3!1f0!2f0!3f0!3m2!1i1024!2i768!4f13.1!3m3!1m2!1s0x0%3A0x583cda9979b782aa!2zVmlpa2luZ2lrw7xsYSBrw7xsYQ!5e0!3m2!1set!2see!4v1495117371175\" width=\"100%\" height=\"350\" frameborder=\"0\" align=\"middle\" allowfullscreen=\"allowfullscreen\"><\/iframe><\/div>\n<\/div><div class=\"fusion-sep-clear\"><\/div><div class=\"fusion-separator fusion-full-width-sep\" style=\"margin-left: auto;margin-right: auto;margin-bottom:5%;width:100%;\"><\/div><div class=\"fusion-sep-clear\"><\/div><\/div><\/div><div class=\"fusion-clearfix\"><\/div><\/div><\/div><div class=\"fusion-layout-column fusion_builder_column fusion-builder-column-6 fusion_builder_column_1_6 1_6 fusion-one-sixth fusion-column-last\" style=\"--awb-bg-blend:overlay;--awb-bg-size:cover;width:16.666666666667%;width:calc(16.666666666667% - ( ( 4% + 4% ) * 0.16666666666667 ) );\"><div class=\"fusion-column-wrapper fusion-flex-column-wrapper-legacy\"><div class=\"fusion-clearfix\"><\/div><\/div><\/div><\/div><\/div>\n","protected":false},"excerpt":{"rendered":"","protected":false},"author":1,"featured_media":0,"parent":0,"menu_order":7,"comment_status":"open","ping_status":"closed","template":"","meta":{"_acf_changed":false,"footnotes":""},"class_list":["post-12683","page","type-page","status-publish","hentry"],"acf":[],"yoast_head":"<!-- This site is optimized with the Yoast SEO plugin v27.4 - https:\/\/yoast.com\/product\/yoast-seo-wordpress\/ -->\n<title>Yhteydet - Viikingite k&uuml;la<\/title>\n<meta name=\"robots\" content=\"index, follow, max-snippet:-1, max-image-preview:large, max-video-preview:-1\" \/>\n<link rel=\"canonical\" href=\"https:\/\/viikingitekyla.ee\/fi\/yhteydet\/\" \/>\n<meta property=\"og:locale\" content=\"fi_FI\" \/>\n<meta property=\"og:type\" content=\"article\" \/>\n<meta property=\"og:title\" content=\"Yhteydet - Viikingite k&uuml;la\" \/>\n<meta property=\"og:url\" content=\"https:\/\/viikingitekyla.ee\/fi\/yhteydet\/\" \/>\n<meta property=\"og:site_name\" content=\"Viikingite k&uuml;la\" \/>\n<meta property=\"article:publisher\" content=\"https:\/\/www.facebook.com\/Viikingitekyla\/?fref=ts\" \/>\n<meta property=\"article:modified_time\" content=\"2025-12-01T09:14:23+00:00\" \/>\n<meta name=\"twitter:card\" content=\"summary_large_image\" \/>\n<meta name=\"twitter:label1\" content=\"Arvioitu lukuaika\" \/>\n\t<meta name=\"twitter:data1\" content=\"1 minute\" \/>\n<script type=\"application\/ld+json\" class=\"yoast-schema-graph\">{\"@context\":\"https:\\\/\\\/schema.org\",\"@graph\":[{\"@type\":\"WebPage\",\"@id\":\"https:\\\/\\\/viikingitekyla.ee\\\/fi\\\/yhteydet\\\/\",\"url\":\"https:\\\/\\\/viikingitekyla.ee\\\/fi\\\/yhteydet\\\/\",\"name\":\"Yhteydet - Viikingite k&uuml;la\",\"isPartOf\":{\"@id\":\"https:\\\/\\\/viikingitekyla.ee\\\/#website\"},\"datePublished\":\"2019-01-25T12:13:59+00:00\",\"dateModified\":\"2025-12-01T09:14:23+00:00\",\"breadcrumb\":{\"@id\":\"https:\\\/\\\/viikingitekyla.ee\\\/fi\\\/yhteydet\\\/#breadcrumb\"},\"inLanguage\":\"fi\",\"potentialAction\":[{\"@type\":\"ReadAction\",\"target\":[\"https:\\\/\\\/viikingitekyla.ee\\\/fi\\\/yhteydet\\\/\"]}]},{\"@type\":\"BreadcrumbList\",\"@id\":\"https:\\\/\\\/viikingitekyla.ee\\\/fi\\\/yhteydet\\\/#breadcrumb\",\"itemListElement\":[{\"@type\":\"ListItem\",\"position\":1,\"name\":\"Home\",\"item\":\"https:\\\/\\\/viikingitekyla.ee\\\/fi\\\/\"},{\"@type\":\"ListItem\",\"position\":2,\"name\":\"Yhteydet\"}]},{\"@type\":\"WebSite\",\"@id\":\"https:\\\/\\\/viikingitekyla.ee\\\/#website\",\"url\":\"https:\\\/\\\/viikingitekyla.ee\\\/\",\"name\":\"Viikingite k&uuml;la\",\"description\":\"\",\"publisher\":{\"@id\":\"https:\\\/\\\/viikingitekyla.ee\\\/#organization\"},\"potentialAction\":[{\"@type\":\"SearchAction\",\"target\":{\"@type\":\"EntryPoint\",\"urlTemplate\":\"https:\\\/\\\/viikingitekyla.ee\\\/?s={search_term_string}\"},\"query-input\":{\"@type\":\"PropertyValueSpecification\",\"valueRequired\":true,\"valueName\":\"search_term_string\"}}],\"inLanguage\":\"fi\"},{\"@type\":\"Organization\",\"@id\":\"https:\\\/\\\/viikingitekyla.ee\\\/#organization\",\"name\":\"Viikingite k\u00fcla\",\"url\":\"https:\\\/\\\/viikingitekyla.ee\\\/\",\"logo\":{\"@type\":\"ImageObject\",\"inLanguage\":\"fi\",\"@id\":\"https:\\\/\\\/viikingitekyla.ee\\\/#\\\/schema\\\/logo\\\/image\\\/\",\"url\":\"https:\\\/\\\/viikingitekyla.ee\\\/wp-content\\\/uploads\\\/2018\\\/09\\\/Viikingid-300x140logo1.png\",\"contentUrl\":\"https:\\\/\\\/viikingitekyla.ee\\\/wp-content\\\/uploads\\\/2018\\\/09\\\/Viikingid-300x140logo1.png\",\"width\":300,\"height\":140,\"caption\":\"Viikingite k\u00fcla\"},\"image\":{\"@id\":\"https:\\\/\\\/viikingitekyla.ee\\\/#\\\/schema\\\/logo\\\/image\\\/\"},\"sameAs\":[\"https:\\\/\\\/www.facebook.com\\\/Viikingitekyla\\\/?fref=ts\",\"https:\\\/\\\/www.instagram.com\\\/viikingitekyla\\\/\",\"https:\\\/\\\/www.youtube.com\\\/results?search_query=viikingite k\u00fcla\"]}]}<\/script>\n<!-- \/ Yoast SEO plugin. -->","yoast_head_json":{"title":"Yhteydet - Viikingite k&uuml;la","robots":{"index":"index","follow":"follow","max-snippet":"max-snippet:-1","max-image-preview":"max-image-preview:large","max-video-preview":"max-video-preview:-1"},"canonical":"https:\/\/viikingitekyla.ee\/fi\/yhteydet\/","og_locale":"fi_FI","og_type":"article","og_title":"Yhteydet - Viikingite k&uuml;la","og_url":"https:\/\/viikingitekyla.ee\/fi\/yhteydet\/","og_site_name":"Viikingite k&uuml;la","article_publisher":"https:\/\/www.facebook.com\/Viikingitekyla\/?fref=ts","article_modified_time":"2025-12-01T09:14:23+00:00","twitter_card":"summary_large_image","twitter_misc":{"Arvioitu lukuaika":"1 minute"},"schema":{"@context":"https:\/\/schema.org","@graph":[{"@type":"WebPage","@id":"https:\/\/viikingitekyla.ee\/fi\/yhteydet\/","url":"https:\/\/viikingitekyla.ee\/fi\/yhteydet\/","name":"Yhteydet - Viikingite k&uuml;la","isPartOf":{"@id":"https:\/\/viikingitekyla.ee\/#website"},"datePublished":"2019-01-25T12:13:59+00:00","dateModified":"2025-12-01T09:14:23+00:00","breadcrumb":{"@id":"https:\/\/viikingitekyla.ee\/fi\/yhteydet\/#breadcrumb"},"inLanguage":"fi","potentialAction":[{"@type":"ReadAction","target":["https:\/\/viikingitekyla.ee\/fi\/yhteydet\/"]}]},{"@type":"BreadcrumbList","@id":"https:\/\/viikingitekyla.ee\/fi\/yhteydet\/#breadcrumb","itemListElement":[{"@type":"ListItem","position":1,"name":"Home","item":"https:\/\/viikingitekyla.ee\/fi\/"},{"@type":"ListItem","position":2,"name":"Yhteydet"}]},{"@type":"WebSite","@id":"https:\/\/viikingitekyla.ee\/#website","url":"https:\/\/viikingitekyla.ee\/","name":"Viikingite k&uuml;la","description":"","publisher":{"@id":"https:\/\/viikingitekyla.ee\/#organization"},"potentialAction":[{"@type":"SearchAction","target":{"@type":"EntryPoint","urlTemplate":"https:\/\/viikingitekyla.ee\/?s={search_term_string}"},"query-input":{"@type":"PropertyValueSpecification","valueRequired":true,"valueName":"search_term_string"}}],"inLanguage":"fi"},{"@type":"Organization","@id":"https:\/\/viikingitekyla.ee\/#organization","name":"Viikingite k\u00fcla","url":"https:\/\/viikingitekyla.ee\/","logo":{"@type":"ImageObject","inLanguage":"fi","@id":"https:\/\/viikingitekyla.ee\/#\/schema\/logo\/image\/","url":"https:\/\/viikingitekyla.ee\/wp-content\/uploads\/2018\/09\/Viikingid-300x140logo1.png","contentUrl":"https:\/\/viikingitekyla.ee\/wp-content\/uploads\/2018\/09\/Viikingid-300x140logo1.png","width":300,"height":140,"caption":"Viikingite k\u00fcla"},"image":{"@id":"https:\/\/viikingitekyla.ee\/#\/schema\/logo\/image\/"},"sameAs":["https:\/\/www.facebook.com\/Viikingitekyla\/?fref=ts","https:\/\/www.instagram.com\/viikingitekyla\/","https:\/\/www.youtube.com\/results?search_query=viikingite k\u00fcla"]}]}},"_links":{"self":[{"href":"https:\/\/viikingitekyla.ee\/fi\/wp-json\/wp\/v2\/pages\/12683","targetHints":{"allow":["GET"]}}],"collection":[{"href":"https:\/\/viikingitekyla.ee\/fi\/wp-json\/wp\/v2\/pages"}],"about":[{"href":"https:\/\/viikingitekyla.ee\/fi\/wp-json\/wp\/v2\/types\/page"}],"author":[{"embeddable":true,"href":"https:\/\/viikingitekyla.ee\/fi\/wp-json\/wp\/v2\/users\/1"}],"replies":[{"embeddable":true,"href":"https:\/\/viikingitekyla.ee\/fi\/wp-json\/wp\/v2\/comments?post=12683"}],"version-history":[{"count":14,"href":"https:\/\/viikingitekyla.ee\/fi\/wp-json\/wp\/v2\/pages\/12683\/revisions"}],"predecessor-version":[{"id":17273,"href":"https:\/\/viikingitekyla.ee\/fi\/wp-json\/wp\/v2\/pages\/12683\/revisions\/17273"}],"wp:attachment":[{"href":"https:\/\/viikingitekyla.ee\/fi\/wp-json\/wp\/v2\/media?parent=12683"}],"curies":[{"name":"wp","href":"https:\/\/api.w.org\/{rel}","templated":true}]}}